{"id":9330,"date":"2020-01-17T13:00:53","date_gmt":"2020-01-17T12:00:53","guid":{"rendered":"http:\/\/curtidospinos.com\/?page_id=9330"},"modified":"2026-01-09T08:02:15","modified_gmt":"2026-01-09T07:02:15","slug":"inicio","status":"publish","type":"page","link":"https:\/\/curtidospinos.com\/fr\/","title":{"rendered":"D\u00c9BUT"},"content":{"rendered":"<div class=\"wpb-content-wrapper\"><p>[vc_row full_width=\u00a0\u00bbstretch_row_content_no_spaces\u00a0\u00bb equal_height=\u00a0\u00bbyes\u00a0\u00bb content_placement=\u00a0\u00bbmiddle\u00a0\u00bb bg_type=\u00a0\u00bbbg_color\u00a0\u00bb css=\u00a0\u00bb.vc_custom_1583751705944{margin-top: 0px !important;margin-right: 0px !important;margin-bottom: 0px !important;margin-left: 0px !important;padding-top: 0px !important;padding-right: 0px !important;padding-bottom: 0px !important;padding-left: 0px !important;}\u00a0\u00bb][vc_column css=\u00a0\u00bb.vc_custom_1583228097593{padding-top: 0px !important;}\u00a0\u00bb][vc_raw_html css=\u00a0\u00bb.vc_custom_1744462021908{margin-bottom: 0px !important;}\u00a0\u00bb]JTVCbWV0YXNsaWRlciUyMGlkJTNEJTIyMTgxMjIlMjIlNUQ=[\/vc_raw_html][\/vc_column][\/vc_row][vc_row full_width=\u00a0\u00bbstretch_row\u00a0\u00bb content_placement=\u00a0\u00bbmiddle\u00a0\u00bb css=\u00a0\u00bb.vc_custom_1585549021886{padding-top: 50px !important;padding-bottom: 50px !important;background-color: #3d1e0b !important;background-position: center !important;background-repeat: no-repeat !important;background-size: cover !important;}\u00a0\u00bb][vc_column width=\u00a0\u00bb1\/3&Prime;][vc_video link=\u00a0\u00bbhttps:\/\/vimeo.com\/144121291&Prime;][vc_single_image image=\u00a0\u00bb1251&Prime; img_size=\u00a0\u00bbfull\u00a0\u00bb alignment=\u00a0\u00bbcenter\u00a0\u00bb][\/vc_column][vc_column width=\u00a0\u00bb1\/3&Prime;][vc_column_text css_animation=\u00a0\u00bbfadeIn\u00a0\u00bb css=\u00a0\u00bb.vc_custom_1616053458932{margin-top: 0px !important;margin-bottom: 0px !important;}\u00a0\u00bb]<span style=\"color: #ffffff;\"> Au d\u00e9but, CURTIDOS PIN\u00d3S servait exclusivement les cordonniers de la ville de Barcelone. Plus tard, vinrent les artisans du cuir qui s\u2019int\u00e9ressaient aux outils et accessoires des cordonniers. Actuellement, nous travaillons pour l\u2019industrie de la bijouterie et de la bijouterie fantaisie. Nous fabriquons un large assortiment de cordons en cuir, de bracelets, de tresses et d\u2019accessoires en cuir et de nombreux autres articles pour pendentifs et bracelets.<\/span>[\/vc_column_text][vc_btn title=\u00a0\u00bbLire plus\u00a0\u00bb style=\u00a0\u00bboutline-custom\u00a0\u00bb outline_custom_color=\u00a0\u00bb#ffe296&Prime; outline_custom_hover_background=\u00a0\u00bb#ffffff\u00a0\u00bb outline_custom_hover_text=\u00a0\u00bb#000000&Prime; align=\u00a0\u00bbcenter\u00a0\u00bb i_align=\u00a0\u00bbright\u00a0\u00bb i_icon_fontawesome=\u00a0\u00bbfas fa-chevron-right\u00a0\u00bb add_icon=\u00a0\u00bbtrue\u00a0\u00bb link=\u00a0\u00bburl:http%3A%2F%2Fcurtidospinos.com%2Fnuestra-historia-2|title:Historia||\u00a0\u00bb css=\u00a0\u00bb.vc_custom_1590130981439{margin-top: 3% !important;border-radius: 2px !important;}\u00a0\u00bb][\/vc_column][vc_column width=\u00a0\u00bb1\/3&Prime;][vc_raw_html]JTNDaWZyYW1lJTIwdGl0bGUlM0QlMjJ2aW1lby1wbGF5ZXIlMjIlMjBzcmMlM0QlMjJodHRwcyUzQSUyRiUyRnBsYXllci52aW1lby5jb20lMkZ2aWRlbyUyRjEzNDA3OTMwMyUyMiUyMHdpZHRoJTNEJTIyNjQwJTIyJTIwaGVpZ2h0JTNEJTIyMjAwJTIyJTIwZnJhbWVib3JkZXIlM0QlMjIwJTIyJTIwYWxsb3dmdWxsc2NyZWVuJTNFJTNDJTJGaWZyYW1lJTNF[\/vc_raw_html][\/vc_column][\/vc_row][vc_row gap=\u00a0\u00bb10&Prime; equal_height=\u00a0\u00bbyes\u00a0\u00bb css=\u00a0\u00bb.vc_custom_1583230816440{margin-top: 50px !important;}\u00a0\u00bb][vc_column width=\u00a0\u00bb1\/3&Prime; css=\u00a0\u00bb.vc_custom_1579869522325{margin-right: 15px !important;border-top-width: 1px !important;border-right-width: 1px !important;border-bottom-width: 1px !important;border-left-width: 1px !important;padding-top: 40px !important;padding-right: 1px !important;padding-bottom: 10px !important;padding-left: 1px !important;background-color: #ffffff !important;border-left-color: #ffe296 !important;border-left-style: solid !important;border-right-color: #ffe296 !important;border-right-style: solid !important;border-top-color: #ffe296 !important;border-top-style: solid !important;border-bottom-color: #ffe296 !important;border-bottom-style: solid !important;border-radius: 3px !important;}\u00a0\u00bb][vc_single_image image=\u00a0\u00bb17201&Prime; img_size=\u00a0\u00bbfull\u00a0\u00bb alignment=\u00a0\u00bbcenter\u00a0\u00bb onclick=\u00a0\u00bbcustom_link\u00a0\u00bb link=\u00a0\u00bbhttps:\/\/curtidospinos.com\/productos-por-referencias\u00a0\u00bb][vc_column_text]<\/p>\n<h3>PRODUITS<\/h3>\n<p>[\/vc_column_text][vc_btn title=\u00a0\u00bbLire plus\u00a0\u00bb style=\u00a0\u00bboutline-custom\u00a0\u00bb outline_custom_color=\u00a0\u00bb#3d1e0b\u00a0\u00bb outline_custom_hover_background=\u00a0\u00bb#ffe296&Prime; outline_custom_hover_text=\u00a0\u00bb#3d1e0b\u00a0\u00bb align=\u00a0\u00bbcenter\u00a0\u00bb i_align=\u00a0\u00bbright\u00a0\u00bb i_icon_fontawesome=\u00a0\u00bbfas fa-chevron-right\u00a0\u00bb add_icon=\u00a0\u00bbtrue\u00a0\u00bb link=\u00a0\u00bburl:http%3A%2F%2Fcurtidospinos.com%2Fproductos-por-referencias|||\u00a0\u00bb css=\u00a0\u00bb.vc_custom_1590130987153{background-color: #ffffff !important;border-radius: 2px !important;}\u00a0\u00bb][\/vc_column][vc_column width=\u00a0\u00bb1\/3&Prime; css=\u00a0\u00bb.vc_custom_1579867398533{margin-right: 15px !important;margin-left: 15px !important;border-top-width: 1px !important;border-right-width: 1px !important;border-bottom-width: 1px !important;border-left-width: 1px !important;padding-top: 40px !important;padding-right: 1px !important;padding-bottom: 10px !important;padding-left: 1px !important;background-color: #ffffff !important;border-left-color: #ffe296 !important;border-left-style: solid !important;border-right-color: #ffe296 !important;border-right-style: solid !important;border-top-color: #ffe296 !important;border-top-style: solid !important;border-bottom-color: #ffe296 !important;border-bottom-style: solid !important;border-radius: 3px !important;}\u00a0\u00bb][vc_single_image image=\u00a0\u00bb17091&Prime; img_size=\u00a0\u00bbfull\u00a0\u00bb alignment=\u00a0\u00bbcenter\u00a0\u00bb onclick=\u00a0\u00bbcustom_link\u00a0\u00bb link=\u00a0\u00bbhttps:\/\/curtidospinos.com\/fr\/leather-strip-color-charts\/\u00a0\u00bb][vc_column_text]<\/p>\n<h3>CATALOGUES<\/h3>\n<p>[\/vc_column_text][vc_btn title=\u00a0\u00bbLire plus\u00a0\u00bb style=\u00a0\u00bboutline-custom\u00a0\u00bb outline_custom_color=\u00a0\u00bb#3d1e0b\u00a0\u00bb outline_custom_hover_background=\u00a0\u00bb#ffe296&Prime; outline_custom_hover_text=\u00a0\u00bb#3d1e0b\u00a0\u00bb align=\u00a0\u00bbcenter\u00a0\u00bb i_align=\u00a0\u00bbright\u00a0\u00bb i_icon_fontawesome=\u00a0\u00bbfas fa-chevron-right\u00a0\u00bb add_icon=\u00a0\u00bbtrue\u00a0\u00bb link=\u00a0\u00bburl:https%3A%2F%2Fcurtidospinos.com%2Fleather-strip-color-charts%2F|title:CATALOGUES\u00a0\u00bb css=\u00a0\u00bb.vc_custom_1729940778045{background-color: #ffffff !important;border-radius: 2px !important;}\u00a0\u00bb][\/vc_column][vc_column width=\u00a0\u00bb1\/3&Prime; css=\u00a0\u00bb.vc_custom_1579869529577{margin-left: 15px !important;border-top-width: 1px !important;border-right-width: 1px !important;border-bottom-width: 1px !important;border-left-width: 1px !important;padding-top: 40px !important;padding-right: 1px !important;padding-bottom: 10px !important;padding-left: 1px !important;background-color: #ffffff !important;border-left-color: #ffe296 !important;border-left-style: solid !important;border-right-color: #ffe296 !important;border-right-style: solid !important;border-top-color: #ffe296 !important;border-top-style: solid !important;border-bottom-color: #ffe296 !important;border-bottom-style: solid !important;border-radius: 3px !important;}\u00a0\u00bb][vc_single_image image=\u00a0\u00bb18523&Prime; img_size=\u00a0\u00bbfull\u00a0\u00bb alignment=\u00a0\u00bbcenter\u00a0\u00bb onclick=\u00a0\u00bbcustom_link\u00a0\u00bb link=\u00a0\u00bbhttps:\/\/curtidospinos.com\/instagram-feed\/\u00a0\u00bb][vc_column_text]<\/p>\n<h3 style=\"text-align: center;\">INSTAGRAM FEED<\/h3>\n<p>[\/vc_column_text][vc_btn title=\u00a0\u00bbLire plus\u00a0\u00bb style=\u00a0\u00bboutline-custom\u00a0\u00bb outline_custom_color=\u00a0\u00bb#3d1e0b\u00a0\u00bb outline_custom_hover_background=\u00a0\u00bb#ffe296&Prime; outline_custom_hover_text=\u00a0\u00bb#3d1e0b\u00a0\u00bb align=\u00a0\u00bbcenter\u00a0\u00bb i_align=\u00a0\u00bbright\u00a0\u00bb i_icon_fontawesome=\u00a0\u00bbfas fa-chevron-right\u00a0\u00bb add_icon=\u00a0\u00bbtrue\u00a0\u00bb link=\u00a0\u00bburl:https%3A%2F%2Fcurtidospinos.com%2Finstagram-feed%2F|title:INSTAGRAM%20FEED\u00a0\u00bb css=\u00a0\u00bb.vc_custom_1709112647988{background-color: #ffffff !important;border-radius: 2px !important;}\u00a0\u00bb][\/vc_column][\/vc_row][vc_row equal_height=\u00a0\u00bbyes\u00a0\u00bb content_placement=\u00a0\u00bbmiddle\u00a0\u00bb bg_type=\u00a0\u00bbimage\u00a0\u00bb parallax_style=\u00a0\u00bbvcpb-default\u00a0\u00bb bg_image_new=\u00a0\u00bbid^9663|url^https:\/\/curtidospinos.com\/wp-content\/uploads\/curtidos-pinos-contacto.jpg|caption^null|alt^null|title^curtidos-pinos-contacto|description^null\u00a0\u00bb bg_image_repeat=\u00a0\u00bbno-repeat\u00a0\u00bb bg_override=\u00a0\u00bbex-full\u00a0\u00bb css=\u00a0\u00bb.vc_custom_1583228180816{margin-top: 5% !important;margin-bottom: 0px !important;border-bottom-width: 0px !important;padding-bottom: 20px !important;}\u00a0\u00bb][vc_column width=\u00a0\u00bb1\/2&Prime;][vc_column_text]Le cordon et la bande de cuir sont un \u00e9l\u00e9ment intemporel qui a \u00e9t\u00e9 appr\u00e9ci\u00e9 \u00e0 travers l&rsquo;histoire pour sa beaut\u00e9 naturelle et sa polyvalence dans la cr\u00e9ation d&rsquo;une large gamme d&rsquo;artisanat et d&rsquo;accessoires. Des bijoux \u00e0 la d\u00e9coration int\u00e9rieure, le cordon en cuir a laiss\u00e9 une marque distinctive dans le monde du design, ajoutant une touche de style et de durabilit\u00e9 \u00e0 chaque cr\u00e9ation.<\/p>\n<p>Son charme r\u00e9side dans sa solidit\u00e9 et sa flexibilit\u00e9, ce qui en fait le mat\u00e9riau id\u00e9al pour de nombreux projets cr\u00e9atifs. Sa durabilit\u00e9 lui permet d&rsquo;\u00eatre utilis\u00e9 dans la fabrication de bijoux de qualit\u00e9, tels que des colliers, des bracelets et des boucles d&rsquo;oreilles, offrant une sensation organique et une apparence classique qui ne se d\u00e9mode jamais.<\/p>\n<p>Outre les bijoux, il est un composant incontournable dans le monde de la maroquinerie et de la confection d\u2019accessoires. Des sacs et portefeuilles aux porte-cl\u00e9s et porte-cl\u00e9s, ce mat\u00e9riau ajoute une touche de classe et d&rsquo;\u00e9l\u00e9gance \u00e0 chaque pi\u00e8ce, rehaussant son apparence et assurant une construction durable.[\/vc_column_text][vc_row_inner][vc_column_inner width=\u00a0\u00bb1\/2&Prime;][vc_video link=\u00a0\u00bbhttps:\/\/vimeo.com\/1075219701&Prime; title=\u00a0\u00bbEnroulement de la bande de cuir.\u00a0\u00bb][\/vc_column_inner][vc_column_inner width=\u00a0\u00bb1\/2&Prime;][vc_video link=\u00a0\u00bbhttps:\/\/vimeo.com\/1128174630?share=copy&amp;fl=sv&amp;fe=ci\u00a0\u00bb title=\u00a0\u00bbAUTUMNAL HANDCRAFTED INSPIRATION\u00a0\u00bb][\/vc_column_inner][\/vc_row_inner][\/vc_column][vc_column width=\u00a0\u00bb1\/2&Prime;][vc_single_image image=\u00a0\u00bb9888&Prime; img_size=\u00a0\u00bbfull\u00a0\u00bb alignment=\u00a0\u00bbcenter\u00a0\u00bb][vc_row_inner][vc_column_inner][vc_single_image image=\u00a0\u00bb16123&Prime; img_size=\u00a0\u00bbmedium\u00a0\u00bb alignment=\u00a0\u00bbcenter\u00a0\u00bb onclick=\u00a0\u00bbcustom_link\u00a0\u00bb link=\u00a0\u00bbhttps:\/\/curtidospinos.com\/\u00a0\u00bb css=\u00a0\u00bb.vc_custom_1744790452910{padding-top: 10% !important;padding-bottom: 10% !important;}\u00a0\u00bb][\/vc_column_inner][\/vc_row_inner][\/vc_column][\/vc_row]<\/p>\n<\/div>","protected":false},"excerpt":{"rendered":"<p>[vc_row full_width=\u00a0\u00bbstretch_row_content_no_spaces\u00a0\u00bb equal_height=\u00a0\u00bbyes\u00a0\u00bb content_placement=\u00a0\u00bbmiddle\u00a0\u00bb bg_type=\u00a0\u00bbbg_color\u00a0\u00bb css=\u00a0\u00bb.vc_custom_1583751705944{margin-top: 0px !important;margin-right: 0px !important;margin-bottom: 0px !important;margin-left: 0px !important;padding-top: 0px !important;padding-right: 0px !important;padding-bottom: 0px !important;padding-left: 0px !important;}\u00a0\u00bb][vc_column css=\u00a0\u00bb.vc_custom_1583228097593{padding-top: 0px !important;}\u00a0\u00bb][vc_raw_html css=\u00a0\u00bb.vc_custom_1744462021908{margin-bottom: 0px !important;}\u00a0\u00bb]JTVCbWV0YXNsaWRlciUyMGlkJTNEJTIyMTgxMjIlMjIlNUQ=[\/vc_raw_html][\/vc_column][\/vc_row][vc_row full_width=\u00a0\u00bbstretch_row\u00a0\u00bb content_placement=\u00a0\u00bbmiddle\u00a0\u00bb css=\u00a0\u00bb.vc_custom_1585549021886{padding-top: 50px !important;padding-bottom: 50px !important;background-color: #3d1e0b !important;background-position: center !important;background-repeat: no-repeat !important;background-size: cover !important;}\u00a0\u00bb][vc_column width=\u00a0\u00bb1\/3&Prime;][vc_video link=\u00a0\u00bbhttps:\/\/vimeo.com\/144121291&Prime;][vc_single_image image=\u00a0\u00bb1251&Prime; img_size=\u00a0\u00bbfull\u00a0\u00bb alignment=\u00a0\u00bbcenter\u00a0\u00bb][\/vc_column][vc_column width=\u00a0\u00bb1\/3&Prime;][vc_column_text css_animation=\u00a0\u00bbfadeIn\u00a0\u00bb css=\u00a0\u00bb.vc_custom_1616053458932{margin-top: 0px !important;margin-bottom: 0px !important;}\u00a0\u00bb]&hellip;<\/p>\n","protected":false},"author":7,"featured_media":0,"parent":0,"menu_order":0,"comment_status":"closed","ping_status":"closed","template":"","meta":{"footnotes":""},"class_list":["post-9330","page","type-page","status-publish","hentry","description-off"],"_links":{"self":[{"href":"https:\/\/curtidospinos.com\/fr\/wp-json\/wp\/v2\/pages\/9330","targetHints":{"allow":["GET"]}}],"collection":[{"href":"https:\/\/curtidospinos.com\/fr\/wp-json\/wp\/v2\/pages"}],"about":[{"href":"https:\/\/curtidospinos.com\/fr\/wp-json\/wp\/v2\/types\/page"}],"author":[{"embeddable":true,"href":"https:\/\/curtidospinos.com\/fr\/wp-json\/wp\/v2\/users\/7"}],"replies":[{"embeddable":true,"href":"https:\/\/curtidospinos.com\/fr\/wp-json\/wp\/v2\/comments?post=9330"}],"version-history":[{"count":118,"href":"https:\/\/curtidospinos.com\/fr\/wp-json\/wp\/v2\/pages\/9330\/revisions"}],"predecessor-version":[{"id":15939,"href":"https:\/\/curtidospinos.com\/fr\/wp-json\/wp\/v2\/pages\/9330\/revisions\/15939"}],"wp:attachment":[{"href":"https:\/\/curtidospinos.com\/fr\/wp-json\/wp\/v2\/media?parent=9330"}],"curies":[{"name":"wp","href":"https:\/\/api.w.org\/{rel}","templated":true}]}}