{"id":17968,"date":"2025-03-17T07:49:21","date_gmt":"2025-03-17T06:49:21","guid":{"rendered":"https:\/\/curtidospinos.com\/?page_id=17968"},"modified":"2025-07-04T09:43:59","modified_gmt":"2025-07-04T08:43:59","slug":"informacion","status":"publish","type":"page","link":"https:\/\/curtidospinos.com\/fr\/informacion\/","title":{"rendered":"INFORMATION"},"content":{"rendered":"<p><\/p>\n<h1><b>FICHE TECHNIQUE<\/b><\/h1>\n<p><b>CARACT\u00c9RISTIQUES DU PRODUIT<\/b><\/p>\n<p>Fabriqu\u00e9 en cuir de vachette de l&rsquo;UE, tann\u00e9 avec des extraits v\u00e9g\u00e9taux.<\/p>\n<p><b>MATI\u00c8RES PREMI\u00c8RES<\/b><\/p>\n<p>Les produits chimiques utilis\u00e9s dans la finition et la teinture sont fabriqu\u00e9s en Espagne et<\/p>\n<p>ils accomplissent tout r\u00e9glementation en vigueur de la Communaut\u00e9 europ\u00e9enne (r\u00e8glement REACH).<\/p>\n<h1><b>EMBALLAGE ET \u00c9TIQUETAGE<\/b><\/h1>\n<p>Bobines de couvercles en plastique et carton recyclables.<\/p>\n<h1><b>UTILISATIONS ET APPLICATIONS<\/b><\/h1>\n<p>1. Maroquinerie et accessoires :<br \/>\n\u2022 Sangles pour sacs ou sacs \u00e0 dos<br \/>\n\u2022 Bracelets ou joncs<br \/>\n\u2022 Fermetures d\u00e9coratives ou fonctionnelles pour agendas, carnets ou agendas<br \/>\n\u2022 Porte-cl\u00e9s<br \/>\n\u2022 Bretelles ou pinces \u00e0 chapeau<\/p>\n<p>2. V\u00eatements et chaussures :<br \/>\n\u2022 D\u00e9tails d\u00e9coratifs sur les v\u00eatements (ceintures fines, garnitures)<br \/>\n\u2022 Sangles pour sandales ou huaraches<\/p>\n<p>3. D\u00e9coration et artisanat :<br \/>\n\u2022 Tissu d\u00e9coratif ou galon pour cadres, lampes, etc.<br \/>\n\u2022 Emballage ou fermeture de cadeau rustique<br \/>\n\u2022 Bandes pour rideaux de type campagnard ou rustique<br \/>\n\u2022 Reliure reliures faites \u00e0 la main<\/p>\n<p>4. \u00c9quitation et sports \u00e9questres :<br \/>\n\u2022 Pi\u00e8ces de rechange pour r\u00eanes ou sangles de selle<br \/>\n\u2022 Sangles pour arcs traditionnels ou \u00e9tuis \u00e0 fusils<\/p>\n<p>5. Instruments de musique :<br \/>\n\u2022 Bandes pour fixer ou d\u00e9corer les tambours<br \/>\n\u2022 Sangles pour guitares ou autres instruments<\/p>\n<p>6. Autres utilisations pratiques :<br \/>\n\u2022 Signets ou agendas<br \/>\n\u2022 Sangles pour enrouler des c\u00e2bles ou des outils<br \/>\n\u2022 Attaches pour mat\u00e9riel de camping ou sacs \u00e0 dos<\/p>\n<h1><b>ENTRETIEN<\/b><\/h1>\n<p>&#8211; Eviter le contact avec l&rsquo;eau : Bien que le cuir tann\u00e9 v\u00e9g\u00e9tal soit r\u00e9sistant, il n&rsquo;est pas<\/p>\n<p>\u00e9tanche. S&rsquo;il est mouill\u00e9, s\u00e9chez-le imm\u00e9diatement avec un chiffon sec.<\/p>\n<p>&#8211; Protection solaire : Une exposition prolong\u00e9e au soleil peut dess\u00e9cher et d\u00e9colorer<\/p>\n<p>le cuir.<\/p>\n<p>&#8211; Soyez prudent avec les produits chimiques : Parfums, huiles corporelles et produits d&rsquo;entretien.<\/p>\n<p>le nettoyage peut tacher ou endommager le cuir.<\/p>\n<p>Avec ces pr\u00e9cautions, votre cordon en cuir de vachette tann\u00e9 v\u00e9g\u00e9tal restera<\/p>\n<p>en excellent \u00e9tat depuis longtemps.<\/p>\n<h1><b>MODES DE PAIEMENT<\/b><\/h1>\n<p>La commande sera trait\u00e9e et exp\u00e9di\u00e9e une fois le paiement re\u00e7u. Pour les commandes<\/p>\n<p>personnalis\u00e9es, exigera un acompte de 50 % au moment de la demande.<\/p>\n<h1><b>D\u00c9LAI DE LIVRAISON<\/b><\/h1>\n<p>Nous sommes un fabricant et non un entrep\u00f4t, certains articles peuvent donc n\u00e9cessiter un d\u00e9lai<\/p>\n<p>de livraison. production avant exp\u00e9dition. Nous appr\u00e9cions votre compr\u00e9hension.<\/p>","protected":false},"excerpt":{"rendered":"<p>FICHE TECHNIQUE CARACT\u00c9RISTIQUES DU PRODUIT Fabriqu\u00e9 en cuir de vachette de l&rsquo;UE, tann\u00e9 avec des extraits v\u00e9g\u00e9taux. MATI\u00c8RES PREMI\u00c8RES Les produits chimiques utilis\u00e9s dans la finition et la teinture sont fabriqu\u00e9s en Espagne et ils accomplissent tout r\u00e9glementation en vigueur de la Communaut\u00e9 europ\u00e9enne (r\u00e8glement REACH). EMBALLAGE ET \u00c9TIQUETAGE Bobines de couvercles en plastique et&hellip;<\/p>\n","protected":false},"author":7,"featured_media":16123,"parent":0,"menu_order":0,"comment_status":"closed","ping_status":"closed","template":"","meta":{"footnotes":""},"class_list":["post-17968","page","type-page","status-publish","has-post-thumbnail","hentry","description-off"],"_links":{"self":[{"href":"https:\/\/curtidospinos.com\/fr\/wp-json\/wp\/v2\/pages\/17968","targetHints":{"allow":["GET"]}}],"collection":[{"href":"https:\/\/curtidospinos.com\/fr\/wp-json\/wp\/v2\/pages"}],"about":[{"href":"https:\/\/curtidospinos.com\/fr\/wp-json\/wp\/v2\/types\/page"}],"author":[{"embeddable":true,"href":"https:\/\/curtidospinos.com\/fr\/wp-json\/wp\/v2\/users\/7"}],"replies":[{"embeddable":true,"href":"https:\/\/curtidospinos.com\/fr\/wp-json\/wp\/v2\/comments?post=17968"}],"version-history":[{"count":10,"href":"https:\/\/curtidospinos.com\/fr\/wp-json\/wp\/v2\/pages\/17968\/revisions"}],"predecessor-version":[{"id":18173,"href":"https:\/\/curtidospinos.com\/fr\/wp-json\/wp\/v2\/pages\/17968\/revisions\/18173"}],"wp:featuredmedia":[{"embeddable":true,"href":"https:\/\/curtidospinos.com\/fr\/wp-json\/wp\/v2\/media\/16123"}],"wp:attachment":[{"href":"https:\/\/curtidospinos.com\/fr\/wp-json\/wp\/v2\/media?parent=17968"}],"curies":[{"name":"wp","href":"https:\/\/api.w.org\/{rel}","templated":true}]}}