{"id":1123,"date":"2012-07-08T12:31:16","date_gmt":"2012-07-08T12:31:16","guid":{"rendered":"http:\/\/curtidospinos.com\/?page_id=1123"},"modified":"2024-01-10T17:02:33","modified_gmt":"2024-01-10T16:02:33","slug":"envios","status":"publish","type":"page","link":"https:\/\/curtidospinos.com\/fr\/envios\/","title":{"rendered":"Livraison"},"content":{"rendered":"<div class=\"wpb-content-wrapper\"><p>[vc_row content_placement=\u00a0\u00bbmiddle\u00a0\u00bb][vc_column width=\u00a0\u00bb1\/2&Prime;][vc_single_image image=\u00a0\u00bb16078&Prime; img_size=\u00a0\u00bbfull\u00a0\u00bb alignment=\u00a0\u00bbcenter\u00a0\u00bb onclick=\u00a0\u00bbimg_link_large\u00a0\u00bb css=\u00a0\u00bb.vc_custom_1698687142530{margin-bottom: 0px !important;}\u00a0\u00bb][\/vc_column][vc_column width=\u00a0\u00bb1\/2&Prime;][vc_column_text css=\u00a0\u00bb.vc_custom_1704902199800{margin-bottom: 10px !important;}\u00a0\u00bb]<\/p>\n<h2><span style=\"color: #ff0000;\">LOGISTIQUE<\/span><\/h2>\n<p>Une fois la commande pr\u00eate, si vous le souhaitez, nous faciliterons le processus d&rsquo;exp\u00e9dition afin que votre commande parvienne \u00e0 destination efficacement et \u00e0 temps.<\/p>\n<p>Nous tenons \u00e0 vous rappeler que notre politique stipule que la marchandise est exp\u00e9di\u00e9e une fois le paiement correspondant trait\u00e9. Nous avons le regret de vous informer que nous ne pouvons pas exp\u00e9dier de produits sans confirmation du paiement pr\u00e9alable.<\/p>\n<p>Si vous avez besoin d&rsquo;une assistance suppl\u00e9mentaire ou si vous avez des questions concernant le processus de paiement, n&rsquo;h\u00e9sitez pas \u00e0 nous contacter. Nous serons l\u00e0 pour vous aider.[\/vc_column_text][\/vc_column][\/vc_row][vc_row][vc_column][vc_column_text css=\u00a0\u00bb.vc_custom_1704902390785{border-bottom-width: 2px !important;padding-top: 20px !important;padding-right: 20px !important;padding-bottom: 20px !important;padding-left: 20px !important;background-color: rgba(255,226,150,0.1) !important;*background-color: rgb(255,226,150) !important;border-bottom-color: #ffe296 !important;border-bottom-style: solid !important;}\u00a0\u00bb]<\/p>\n<p style=\"text-align: center;\"><strong>Consultez les frais d&rsquo;exp\u00e9dition internationaux.<\/strong><\/p>\n<p>[\/vc_column_text][\/vc_column][\/vc_row]<\/p>\n<\/div>","protected":false},"excerpt":{"rendered":"<p>[vc_row content_placement=\u00a0\u00bbmiddle\u00a0\u00bb][vc_column width=\u00a0\u00bb1\/2&Prime;][vc_single_image image=\u00a0\u00bb16078&Prime; img_size=\u00a0\u00bbfull\u00a0\u00bb alignment=\u00a0\u00bbcenter\u00a0\u00bb onclick=\u00a0\u00bbimg_link_large\u00a0\u00bb css=\u00a0\u00bb.vc_custom_1698687142530{margin-bottom: 0px !important;}\u00a0\u00bb][\/vc_column][vc_column width=\u00a0\u00bb1\/2&Prime;][vc_column_text css=\u00a0\u00bb.vc_custom_1704902199800{margin-bottom: 10px !important;}\u00a0\u00bb] LOGISTIQUE Une fois la commande pr\u00eate, si vous le souhaitez, nous faciliterons le processus d&rsquo;exp\u00e9dition afin que votre commande parvienne \u00e0 destination efficacement et \u00e0 temps. Nous tenons \u00e0 vous rappeler que notre politique stipule que la marchandise est exp\u00e9di\u00e9e une&hellip;<\/p>\n","protected":false},"author":7,"featured_media":0,"parent":0,"menu_order":5,"comment_status":"closed","ping_status":"closed","template":"","meta":{"footnotes":""},"class_list":["post-1123","page","type-page","status-publish","hentry","description-off"],"_links":{"self":[{"href":"https:\/\/curtidospinos.com\/fr\/wp-json\/wp\/v2\/pages\/1123","targetHints":{"allow":["GET"]}}],"collection":[{"href":"https:\/\/curtidospinos.com\/fr\/wp-json\/wp\/v2\/pages"}],"about":[{"href":"https:\/\/curtidospinos.com\/fr\/wp-json\/wp\/v2\/types\/page"}],"author":[{"embeddable":true,"href":"https:\/\/curtidospinos.com\/fr\/wp-json\/wp\/v2\/users\/7"}],"replies":[{"embeddable":true,"href":"https:\/\/curtidospinos.com\/fr\/wp-json\/wp\/v2\/comments?post=1123"}],"version-history":[{"count":13,"href":"https:\/\/curtidospinos.com\/fr\/wp-json\/wp\/v2\/pages\/1123\/revisions"}],"predecessor-version":[{"id":16133,"href":"https:\/\/curtidospinos.com\/fr\/wp-json\/wp\/v2\/pages\/1123\/revisions\/16133"}],"wp:attachment":[{"href":"https:\/\/curtidospinos.com\/fr\/wp-json\/wp\/v2\/media?parent=1123"}],"curies":[{"name":"wp","href":"https:\/\/api.w.org\/{rel}","templated":true}]}}