{"id":9330,"date":"2020-01-17T13:00:53","date_gmt":"2020-01-17T12:00:53","guid":{"rendered":"http:\/\/curtidospinos.com\/?page_id=9330"},"modified":"2026-01-09T08:02:15","modified_gmt":"2026-01-09T07:02:15","slug":"inicio","status":"publish","type":"page","link":"https:\/\/curtidospinos.com\/de\/","title":{"rendered":"START"},"content":{"rendered":"<div class=\"wpb-content-wrapper\"><p>[vc_row full_width=&#8220;stretch_row_content_no_spaces&#8220; equal_height=&#8220;yes&#8220; content_placement=&#8220;middle&#8220; bg_type=&#8220;bg_color&#8220; css=&#8220;.vc_custom_1583751705944{margin-top: 0px !important;margin-right: 0px !important;margin-bottom: 0px !important;margin-left: 0px !important;padding-top: 0px !important;padding-right: 0px !important;padding-bottom: 0px !important;padding-left: 0px !important;}&#8220;][vc_column css=&#8220;.vc_custom_1583228097593{padding-top: 0px !important;}&#8220;][vc_raw_html css=&#8220;.vc_custom_1744462009672{margin-bottom: 0px !important;}&#8220;]JTVCbWV0YXNsaWRlciUyMGlkJTNEJTIyMTgxMjIlMjIlNUQ=[\/vc_raw_html][\/vc_column][\/vc_row][vc_row full_width=&#8220;stretch_row&#8220; content_placement=&#8220;middle&#8220; css=&#8220;.vc_custom_1585549021886{padding-top: 50px !important;padding-bottom: 50px !important;background-color: #3d1e0b !important;background-position: center !important;background-repeat: no-repeat !important;background-size: cover !important;}&#8220;][vc_column width=&#8220;1\/3&#8243;][vc_video link=&#8220;https:\/\/vimeo.com\/144121291&#8243;][vc_single_image image=&#8220;1251&#8243; img_size=&#8220;full&#8220; alignment=&#8220;center&#8220;][\/vc_column][vc_column width=&#8220;1\/3&#8243;][vc_column_text css_animation=&#8220;fadeIn&#8220; css=&#8220;.vc_custom_1616053334063{margin-top: 0px !important;margin-bottom: 0px !important;}&#8220;]<span style=\"color: #ffffff;\">Am Anfang lieferte CURTIDOS PIN\u00d3S ausschliesslich nur an Schuhmacher in der Stadt Barcelona. Sp\u00e4ter kamen die Lederhandarbeiter dazu, die an den Werkzeugen und dem Zubeh\u00f6r interessiert waren. Heute arbeiten wir haupts\u00e4chlich in der Juwelier- und der Modeschmuckbranche, und produzieren einen breiten Angebot von Lederschn\u00fcren, Lederstreifen und Lederz\u00f6pfen und vielen anderen Artikeln f\u00fcr Ketten und Armb\u00e4nder.<\/span>[\/vc_column_text][vc_btn title=&#8220;Weiterlesen&#8220; style=&#8220;outline-custom&#8220; outline_custom_color=&#8220;#ffe296&#8243; outline_custom_hover_background=&#8220;#ffffff&#8220; outline_custom_hover_text=&#8220;#000000&#8243; align=&#8220;center&#8220; i_align=&#8220;right&#8220; i_icon_fontawesome=&#8220;fas fa-chevron-right&#8220; add_icon=&#8220;true&#8220; link=&#8220;url:http%3A%2F%2Fcurtidospinos.com%2Fnuestra-historia-2|title:Historia||&#8220; css=&#8220;.vc_custom_1590130937471{margin-top: 3% !important;border-radius: 2px !important;}&#8220;][\/vc_column][vc_column width=&#8220;1\/3&#8243;][vc_raw_html]JTNDaWZyYW1lJTIwdGl0bGUlM0QlMjJ2aW1lby1wbGF5ZXIlMjIlMjBzcmMlM0QlMjJodHRwcyUzQSUyRiUyRnBsYXllci52aW1lby5jb20lMkZ2aWRlbyUyRjEzNDA3OTMwMyUyMiUyMHdpZHRoJTNEJTIyNjQwJTIyJTIwaGVpZ2h0JTNEJTIyMjAwJTIyJTIwZnJhbWVib3JkZXIlM0QlMjIwJTIyJTIwYWxsb3dmdWxsc2NyZWVuJTNFJTNDJTJGaWZyYW1lJTNF[\/vc_raw_html][\/vc_column][\/vc_row][vc_row gap=&#8220;10&#8243; equal_height=&#8220;yes&#8220; css=&#8220;.vc_custom_1583230816440{margin-top: 50px !important;}&#8220;][vc_column width=&#8220;1\/3&#8243; css=&#8220;.vc_custom_1579869522325{margin-right: 15px !important;border-top-width: 1px !important;border-right-width: 1px !important;border-bottom-width: 1px !important;border-left-width: 1px !important;padding-top: 40px !important;padding-right: 1px !important;padding-bottom: 10px !important;padding-left: 1px !important;background-color: #ffffff !important;border-left-color: #ffe296 !important;border-left-style: solid !important;border-right-color: #ffe296 !important;border-right-style: solid !important;border-top-color: #ffe296 !important;border-top-style: solid !important;border-bottom-color: #ffe296 !important;border-bottom-style: solid !important;border-radius: 3px !important;}&#8220;][vc_single_image image=&#8220;17201&#8243; img_size=&#8220;full&#8220; alignment=&#8220;center&#8220; onclick=&#8220;custom_link&#8220; link=&#8220;https:\/\/curtidospinos.com\/productos-por-referencias&#8220;][vc_column_text]<\/p>\n<h3>PRODUKTE<\/h3>\n<p>[\/vc_column_text][vc_btn title=&#8220;Weiterlesen&#8220; style=&#8220;outline-custom&#8220; outline_custom_color=&#8220;#3d1e0b&#8220; outline_custom_hover_background=&#8220;#ffe296&#8243; outline_custom_hover_text=&#8220;#3d1e0b&#8220; align=&#8220;center&#8220; i_align=&#8220;right&#8220; i_icon_fontawesome=&#8220;fas fa-chevron-right&#8220; add_icon=&#8220;true&#8220; link=&#8220;url:http%3A%2F%2Fcurtidospinos.com%2Fproductos-por-referencias|||&#8220; css=&#8220;.vc_custom_1590130944688{background-color: #ffffff !important;border-radius: 2px !important;}&#8220;][\/vc_column][vc_column width=&#8220;1\/3&#8243; css=&#8220;.vc_custom_1579867398533{margin-right: 15px !important;margin-left: 15px !important;border-top-width: 1px !important;border-right-width: 1px !important;border-bottom-width: 1px !important;border-left-width: 1px !important;padding-top: 40px !important;padding-right: 1px !important;padding-bottom: 10px !important;padding-left: 1px !important;background-color: #ffffff !important;border-left-color: #ffe296 !important;border-left-style: solid !important;border-right-color: #ffe296 !important;border-right-style: solid !important;border-top-color: #ffe296 !important;border-top-style: solid !important;border-bottom-color: #ffe296 !important;border-bottom-style: solid !important;border-radius: 3px !important;}&#8220;][vc_single_image image=&#8220;17091&#8243; img_size=&#8220;full&#8220; alignment=&#8220;center&#8220; onclick=&#8220;custom_link&#8220; link=&#8220;https:\/\/curtidospinos.com\/de\/leather-strip-color-charts\/&#8220;][vc_column_text]<\/p>\n<h3 style=\"text-align: center;\">KATALOGE<\/h3>\n<p>[\/vc_column_text][vc_btn title=&#8220;Weiterlesen&#8220; style=&#8220;outline-custom&#8220; outline_custom_color=&#8220;#3d1e0b&#8220; outline_custom_hover_background=&#8220;#ffe296&#8243; outline_custom_hover_text=&#8220;#3d1e0b&#8220; align=&#8220;center&#8220; i_align=&#8220;right&#8220; i_icon_fontawesome=&#8220;fas fa-chevron-right&#8220; add_icon=&#8220;true&#8220; link=&#8220;url:https%3A%2F%2Fcurtidospinos.com%2Fleather-strip-color-charts%2F|title:KATALOGE&#8220; css=&#8220;.vc_custom_1729940621443{background-color: #ffffff !important;border-radius: 2px !important;}&#8220;][\/vc_column][vc_column width=&#8220;1\/3&#8243; css=&#8220;.vc_custom_1579869529577{margin-left: 15px !important;border-top-width: 1px !important;border-right-width: 1px !important;border-bottom-width: 1px !important;border-left-width: 1px !important;padding-top: 40px !important;padding-right: 1px !important;padding-bottom: 10px !important;padding-left: 1px !important;background-color: #ffffff !important;border-left-color: #ffe296 !important;border-left-style: solid !important;border-right-color: #ffe296 !important;border-right-style: solid !important;border-top-color: #ffe296 !important;border-top-style: solid !important;border-bottom-color: #ffe296 !important;border-bottom-style: solid !important;border-radius: 3px !important;}&#8220;][vc_single_image image=&#8220;18523&#8243; img_size=&#8220;full&#8220; alignment=&#8220;center&#8220; onclick=&#8220;custom_link&#8220; link=&#8220;https:\/\/curtidospinos.com\/instagram-feed\/&#8220;][vc_column_text]<\/p>\n<h3 style=\"text-align: center;\">INSTAGRAM FEED<\/h3>\n<p>[\/vc_column_text][vc_btn title=&#8220;Weiterlesen&#8220; style=&#8220;outline-custom&#8220; outline_custom_color=&#8220;#3d1e0b&#8220; outline_custom_hover_background=&#8220;#ffe296&#8243; outline_custom_hover_text=&#8220;#3d1e0b&#8220; align=&#8220;center&#8220; i_align=&#8220;right&#8220; i_icon_fontawesome=&#8220;fas fa-chevron-right&#8220; add_icon=&#8220;true&#8220; link=&#8220;url:https%3A%2F%2Fcurtidospinos.com%2Finstagram-feed%2F|title:INSTAGRAM%20FEED&#8220; css=&#8220;.vc_custom_1709112605223{background-color: #ffffff !important;border-radius: 2px !important;}&#8220;][\/vc_column][\/vc_row][vc_row equal_height=&#8220;yes&#8220; content_placement=&#8220;middle&#8220; bg_type=&#8220;image&#8220; parallax_style=&#8220;vcpb-default&#8220; bg_image_new=&#8220;id^9663|url^https:\/\/curtidospinos.com\/wp-content\/uploads\/curtidos-pinos-contacto.jpg|caption^null|alt^null|title^curtidos-pinos-contacto|description^null&#8220; bg_image_repeat=&#8220;no-repeat&#8220; bg_override=&#8220;ex-full&#8220; css=&#8220;.vc_custom_1583228180816{margin-top: 5% !important;margin-bottom: 0px !important;border-bottom-width: 0px !important;padding-bottom: 20px !important;}&#8220;][vc_column width=&#8220;1\/2&#8243;][vc_column_text]Lederschn\u00fcre und -streifen sind ein zeitloses Element, das im Laufe der Geschichte f\u00fcr seine nat\u00fcrliche Sch\u00f6nheit und Vielseitigkeit bei der Herstellung einer breiten Palette von Kunsthandwerk und Accessoires gesch\u00e4tzt wurde. Von Schmuckst\u00fccken bis hin zu Wohnaccessoires haben Lederb\u00e4nder in der Designwelt unverwechselbare Spuren hinterlassen und jeder Kreation einen Hauch von Stil und Haltbarkeit verliehen.<\/p>\n<p>Sein Charme liegt in seiner St\u00e4rke und Flexibilit\u00e4t, was es zum idealen Material f\u00fcr eine Vielzahl kreativer Projekte macht. Seine Haltbarkeit erm\u00f6glicht die Verwendung bei der Herstellung von hochwertigem Schmuck wie Halsketten, Armb\u00e4ndern und Ohrringen und bietet ein organisches Gef\u00fchl und ein klassisches Erscheinungsbild, das nie aus der Mode kommt.<\/p>\n<p>Neben Schmuck ist es ein wesentlicher Bestandteil in der Welt der Lederwaren- und Accessoire-Herstellung. Von Taschen und Geldb\u00f6rsen bis hin zu Schl\u00fcsselanh\u00e4ngern und Schl\u00fcsselhaltern verleiht dieses Material jedem St\u00fcck einen Hauch von Klasse und Eleganz, wertet sein Erscheinungsbild auf und sorgt f\u00fcr eine langlebige Konstruktion.[\/vc_column_text][vc_row_inner][vc_column_inner width=&#8220;1\/2&#8243;][vc_video link=&#8220;https:\/\/vimeo.com\/1075219701&#8243; title=&#8220;Aufwickeln des Lederstreifens.&#8220;][\/vc_column_inner][vc_column_inner width=&#8220;1\/2&#8243;][vc_video link=&#8220;https:\/\/vimeo.com\/1128174630?share=copy&amp;fl=sv&amp;fe=ci&#8220; title=&#8220;AUTUMNAL HANDCRAFTED INSPIRATION&#8220;][\/vc_column_inner][\/vc_row_inner][\/vc_column][vc_column width=&#8220;1\/2&#8243;][vc_single_image image=&#8220;9888&#8243; img_size=&#8220;full&#8220; alignment=&#8220;center&#8220;][vc_row_inner][vc_column_inner][vc_single_image image=&#8220;16123&#8243; img_size=&#8220;medium&#8220; alignment=&#8220;center&#8220; onclick=&#8220;custom_link&#8220; link=&#8220;https:\/\/curtidospinos.com\/&#8220; css=&#8220;.vc_custom_1744790056998{padding-top: 10% !important;padding-bottom: 10% !important;}&#8220;][\/vc_column_inner][\/vc_row_inner][\/vc_column][\/vc_row]<\/p>\n<\/div>","protected":false},"excerpt":{"rendered":"<p>[vc_row full_width=&#8220;stretch_row_content_no_spaces&#8220; equal_height=&#8220;yes&#8220; content_placement=&#8220;middle&#8220; bg_type=&#8220;bg_color&#8220; css=&#8220;.vc_custom_1583751705944{margin-top: 0px !important;margin-right: 0px !important;margin-bottom: 0px !important;margin-left: 0px !important;padding-top: 0px !important;padding-right: 0px !important;padding-bottom: 0px !important;padding-left: 0px !important;}&#8220;][vc_column css=&#8220;.vc_custom_1583228097593{padding-top: 0px !important;}&#8220;][vc_raw_html css=&#8220;.vc_custom_1744462009672{margin-bottom: 0px !important;}&#8220;]JTVCbWV0YXNsaWRlciUyMGlkJTNEJTIyMTgxMjIlMjIlNUQ=[\/vc_raw_html][\/vc_column][\/vc_row][vc_row full_width=&#8220;stretch_row&#8220; content_placement=&#8220;middle&#8220; css=&#8220;.vc_custom_1585549021886{padding-top: 50px !important;padding-bottom: 50px !important;background-color: #3d1e0b !important;background-position: center !important;background-repeat: no-repeat !important;background-size: cover !important;}&#8220;][vc_column width=&#8220;1\/3&#8243;][vc_video link=&#8220;https:\/\/vimeo.com\/144121291&#8243;][vc_single_image image=&#8220;1251&#8243; img_size=&#8220;full&#8220; alignment=&#8220;center&#8220;][\/vc_column][vc_column width=&#8220;1\/3&#8243;][vc_column_text css_animation=&#8220;fadeIn&#8220; css=&#8220;.vc_custom_1616053334063{margin-top: 0px !important;margin-bottom: 0px !important;}&#8220;]Am&hellip;<\/p>\n","protected":false},"author":7,"featured_media":0,"parent":0,"menu_order":0,"comment_status":"closed","ping_status":"closed","template":"","meta":{"footnotes":""},"class_list":["post-9330","page","type-page","status-publish","hentry","description-off"],"_links":{"self":[{"href":"https:\/\/curtidospinos.com\/de\/wp-json\/wp\/v2\/pages\/9330","targetHints":{"allow":["GET"]}}],"collection":[{"href":"https:\/\/curtidospinos.com\/de\/wp-json\/wp\/v2\/pages"}],"about":[{"href":"https:\/\/curtidospinos.com\/de\/wp-json\/wp\/v2\/types\/page"}],"author":[{"embeddable":true,"href":"https:\/\/curtidospinos.com\/de\/wp-json\/wp\/v2\/users\/7"}],"replies":[{"embeddable":true,"href":"https:\/\/curtidospinos.com\/de\/wp-json\/wp\/v2\/comments?post=9330"}],"version-history":[{"count":118,"href":"https:\/\/curtidospinos.com\/de\/wp-json\/wp\/v2\/pages\/9330\/revisions"}],"predecessor-version":[{"id":15939,"href":"https:\/\/curtidospinos.com\/de\/wp-json\/wp\/v2\/pages\/9330\/revisions\/15939"}],"wp:attachment":[{"href":"https:\/\/curtidospinos.com\/de\/wp-json\/wp\/v2\/media?parent=9330"}],"curies":[{"name":"wp","href":"https:\/\/api.w.org\/{rel}","templated":true}]}}