{"id":17968,"date":"2025-03-17T07:49:21","date_gmt":"2025-03-17T06:49:21","guid":{"rendered":"https:\/\/curtidospinos.com\/?page_id=17968"},"modified":"2025-07-04T09:43:59","modified_gmt":"2025-07-04T08:43:59","slug":"informacion","status":"publish","type":"page","link":"https:\/\/curtidospinos.com\/de\/informacion\/","title":{"rendered":"INFORMATION"},"content":{"rendered":"<p><\/p>\n<h1><b>TECHNISCHES ARBEITSBLATT<\/b><\/h1>\n<p><b>PRODUKTMERKMALE<\/b><\/p>\n<p>Hergestellt aus Rindsleder aus der EU, mit Pflanzenextrakten gegerbt.<\/p>\n<p><b>ROHSTOFFE<\/b><\/p>\n<p>Die f\u00fcr die Veredelung und F\u00e4rbung verwendeten Chemikalien werden in Spanien hergestellt und<\/p>\n<p>sie erf\u00fcllen alle<\/p>\n<p>aktuellen Vorschriften der Europ\u00e4ischen Gemeinschaft (REACH-Verordnung).<\/p>\n<h1><b>VERPACKUNG UND <\/b><b>ETIKETTIERUNG<\/b><\/h1>\n<p>Rollen aus recycelbarem Kunststoff und Kartondeckeln.<\/p>\n<h1><b>VERWENDUNG UND <\/b><b>ANWENDUNGEN<\/b><\/h1>\n<p>1. Lederwaren und Accessoires:<br \/>\n\u2022 Gurte f\u00fcr Taschen oder Rucks\u00e4cke<br \/>\n\u2022 Armb\u00e4nder oder Armreifen<br \/>\n\u2022 Dekorative oder funktionale Verschl\u00fcsse f\u00fcr Tageb\u00fccher, Notizb\u00fccher oder Terminkalender<br \/>\n\u2022 Schl\u00fcsselanh\u00e4nger<br \/>\n\u2022 Hosentr\u00e4ger oder Hutclips<\/p>\n<p>2. Kleidung und Schuhe:<br \/>\n\u2022 Dekorative Details an Kleidungsst\u00fccken (d\u00fcnne G\u00fcrtel, Bes\u00e4tze)<br \/>\n\u2022 Riemen f\u00fcr Sandalen oder Huaraches<\/p>\n<p>3. Dekoration und Basteln:<br \/>\n\u2022 Dekostoffe oder Geflechte f\u00fcr Rahmen, Lampen etc.<br \/>\n\u2022 Rustikale Geschenkverpackung oder -befestigung<br \/>\n\u2022 Streifen f\u00fcr Vorh\u00e4nge im Landhaus- oder rustikalen Stil<br \/>\n\u2022 Einbinden handgefertigter Einb\u00e4nde<\/p>\n<p>4. Reiten und Sport:<br \/>\n\u2022 Ersatzteile f\u00fcr Z\u00fcgel oder Sattelgurte<br \/>\n\u2022 Gurte f\u00fcr traditionelle B\u00f6gen oder Pistolenholster<\/p>\n<p>5. Musikinstrumente:<br \/>\n\u2022 Streifen zum Sichern oder Dekorieren von F\u00e4ssern<br \/>\n\u2022 Gurte f\u00fcr Gitarren oder andere Instrumente<\/p>\n<p>6. Weitere praktische Anwendungen:<br \/>\n\u2022 Lesezeichen oder Agenden<br \/>\n\u2022 B\u00e4nder zum Umwickeln von Kabeln oder Werkzeugen<br \/>\n\u2022 Befestigungselemente f\u00fcr Campingausr\u00fcstung oder Rucks\u00e4cke<\/p>\n<h1><b>WARTUNG<\/b><\/h1>\n<p>&#8211; Kontakt mit Wasser vermeiden: Obwohl pflanzlich gegerbtes Leder widerstandsf\u00e4hig ist, ist es<\/p>\n<p>nicht<\/p>\n<p>wasserdicht. Wenn es nass wird, trocknen Sie es sofort mit einem trockenen Tuch ab.<\/p>\n<p>&#8211; Sonnenschutz: L\u00e4ngerer Sonneneinstrahlung kann austrocknen und verf\u00e4rben<\/p>\n<p>das Leder.<\/p>\n<p>&#8211; Seien Sie vorsichtig mit Chemikalien: Parf\u00fcms, K\u00f6rper\u00f6len und Reinigungsprodukten.<\/p>\n<p>Durch die Reinigung kann das Leder verf\u00e4rbt oder besch\u00e4digt werden.<\/p>\n<p>Mit diesen Vorsichtsma\u00dfnahmen bleibt Ihr pflanzlich gegerbtes Rindslederband<\/p>\n<p>seit langem in ausgezeichnetem Zustand.<\/p>\n<h1><b>Zahlungsm\u00f6glichkeiten<\/b><\/h1>\n<p>Die Bestellung wird bearbeitet und versendet, sobald die Zahlung eingegangen ist. F\u00fcr<\/p>\n<p>Sonderanfertigungen, ist zum Zeitpunkt der Anfrage eine Anzahlung von 50 % erforderlich.<\/p>\n<h1><b>LIEFERZEIT<\/b><\/h1>\n<p>Wir sind ein Hersteller und kein Lagerhalter. Daher kann f\u00fcr manche Artikel eine Vorlaufzeit<\/p>\n<p>erforderlich sein.<\/p>\n<p>Produktion vor dem Versand. Wir danken f\u00fcr Ihr Verst\u00e4ndnis<\/p>\n<p>&nbsp;<\/p>","protected":false},"excerpt":{"rendered":"<p>TECHNISCHES ARBEITSBLATT PRODUKTMERKMALE Hergestellt aus Rindsleder aus der EU, mit Pflanzenextrakten gegerbt. ROHSTOFFE Die f\u00fcr die Veredelung und F\u00e4rbung verwendeten Chemikalien werden in Spanien hergestellt und sie erf\u00fcllen alle aktuellen Vorschriften der Europ\u00e4ischen Gemeinschaft (REACH-Verordnung). VERPACKUNG UND ETIKETTIERUNG Rollen aus recycelbarem Kunststoff und Kartondeckeln. VERWENDUNG UND ANWENDUNGEN 1. Lederwaren und Accessoires: \u2022 Gurte f\u00fcr Taschen&hellip;<\/p>\n","protected":false},"author":7,"featured_media":16123,"parent":0,"menu_order":0,"comment_status":"closed","ping_status":"closed","template":"","meta":{"footnotes":""},"class_list":["post-17968","page","type-page","status-publish","has-post-thumbnail","hentry","description-off"],"_links":{"self":[{"href":"https:\/\/curtidospinos.com\/de\/wp-json\/wp\/v2\/pages\/17968","targetHints":{"allow":["GET"]}}],"collection":[{"href":"https:\/\/curtidospinos.com\/de\/wp-json\/wp\/v2\/pages"}],"about":[{"href":"https:\/\/curtidospinos.com\/de\/wp-json\/wp\/v2\/types\/page"}],"author":[{"embeddable":true,"href":"https:\/\/curtidospinos.com\/de\/wp-json\/wp\/v2\/users\/7"}],"replies":[{"embeddable":true,"href":"https:\/\/curtidospinos.com\/de\/wp-json\/wp\/v2\/comments?post=17968"}],"version-history":[{"count":10,"href":"https:\/\/curtidospinos.com\/de\/wp-json\/wp\/v2\/pages\/17968\/revisions"}],"predecessor-version":[{"id":18173,"href":"https:\/\/curtidospinos.com\/de\/wp-json\/wp\/v2\/pages\/17968\/revisions\/18173"}],"wp:featuredmedia":[{"embeddable":true,"href":"https:\/\/curtidospinos.com\/de\/wp-json\/wp\/v2\/media\/16123"}],"wp:attachment":[{"href":"https:\/\/curtidospinos.com\/de\/wp-json\/wp\/v2\/media?parent=17968"}],"curies":[{"name":"wp","href":"https:\/\/api.w.org\/{rel}","templated":true}]}}