{"id":1126,"date":"2012-07-08T12:31:36","date_gmt":"2012-07-08T12:31:36","guid":{"rendered":"http:\/\/curtidospinos.com\/?page_id=1126"},"modified":"2024-01-12T19:41:07","modified_gmt":"2024-01-12T18:41:07","slug":"ideas","status":"publish","type":"page","link":"https:\/\/curtidospinos.com\/de\/ideas\/","title":{"rendered":"Ideen"},"content":{"rendered":"<div class=\"wpb-content-wrapper\"><p>[vc_row gap=&#8220;10&#8243; equal_height=&#8220;yes&#8220; css=&#8220;.vc_custom_1583250108523{background-color: #ffffff !important;border-radius: 3px !important;}&#8220;][vc_column width=&#8220;1\/4&#8243; css=&#8220;.vc_custom_1580286230291{padding: 2% !important;background-color: #ffffff !important;border: 1px solid #ffe296 !important;border-radius: 3px !important;}&#8220;][vc_single_image image=&#8220;16003&#8243; img_size=&#8220;full&#8220;][vc_column_text]Armband mit Ref. TCP ORANGE und TCP PRINT TWEED.[\/vc_column_text][\/vc_column][vc_column width=&#8220;1\/4&#8243; css=&#8220;.vc_custom_1580286241586{padding: 2% !important;background-color: #ffffff !important;border: 1px solid #ffe296 !important;border-radius: 3px !important;}&#8220;][vc_single_image image=&#8220;16004&#8243; img_size=&#8220;full&#8220;][vc_column_text]Armband mit Ref. TCP BROWN BURNED und TCP PRINT TUERCAS..[\/vc_column_text][\/vc_column][vc_column width=&#8220;1\/4&#8243; css=&#8220;.vc_custom_1580286249674{padding: 2% !important;background-color: #ffffff !important;border: 1px solid #ffe296 !important;border-radius: 3px !important;}&#8220;][vc_single_image image=&#8220;16005&#8243; img_size=&#8220;full&#8220;][vc_column_text]Armband mit Ref. TCP DARK BROWN VINTAGE und TCP PRINT RODEO.[\/vc_column_text][\/vc_column][vc_column width=&#8220;1\/4&#8243; css=&#8220;.vc_custom_1580286258647{padding: 2% !important;background-color: #ffffff !important;border: 1px solid #ffe296 !important;border-radius: 3px !important;}&#8220;][vc_single_image image=&#8220;16006&#8243; img_size=&#8220;full&#8220;][vc_column_text]Armband entworfen mit Ref. TCP GOLD und TCP PRINT WATERCOLOR.[\/vc_column_text][\/vc_column][\/vc_row][vc_row gap=&#8220;10&#8243; equal_height=&#8220;yes&#8220; css=&#8220;.vc_custom_1583250108523{background-color: #ffffff !important;border-radius: 3px !important;}&#8220;][vc_column width=&#8220;1\/4&#8243; css=&#8220;.vc_custom_1580286230291{padding: 2% !important;background-color: #ffffff !important;border: 1px solid #ffe296 !important;border-radius: 3px !important;}&#8220;][vc_single_image image=&#8220;16008&#8243; img_size=&#8220;full&#8220;][vc_column_text]Armband entworfen mit Ref. TCP RED, TCP COBALT, TCP YELLOW und TCP PRINT NAVY.[\/vc_column_text][\/vc_column][vc_column width=&#8220;1\/4&#8243; css=&#8220;.vc_custom_1580286241586{padding: 2% !important;background-color: #ffffff !important;border: 1px solid #ffe296 !important;border-radius: 3px !important;}&#8220;][vc_single_image image=&#8220;16009&#8243; img_size=&#8220;full&#8220;][vc_column_text]Armband entworfen mit Ref. TCP BLUE POUDRE, TCP PRINT JEANS und TCP PRINT STRIPE JEANS.[\/vc_column_text][\/vc_column][vc_column width=&#8220;1\/4&#8243; css=&#8220;.vc_custom_1580286249674{padding: 2% !important;background-color: #ffffff !important;border: 1px solid #ffe296 !important;border-radius: 3px !important;}&#8220;][vc_single_image image=&#8220;16010&#8243; img_size=&#8220;full&#8220;][vc_column_text]Armband mit Ref. TCP DARK BROWN, TCP PRINT TARDOR und TCP PRINT STRIPES TARDOR.[\/vc_column_text][\/vc_column][\/vc_row][vc_row gap=&#8220;10&#8243; equal_height=&#8220;yes&#8220; css=&#8220;.vc_custom_1583250108523{background-color: #ffffff !important;border-radius: 3px !important;}&#8220;][vc_column width=&#8220;1\/4&#8243; css=&#8220;.vc_custom_1580286230291{padding: 2% !important;background-color: #ffffff !important;border: 1px solid #ffe296 !important;border-radius: 3px !important;}&#8220;][vc_single_image image=&#8220;13865&#8243; img_size=&#8220;full&#8220;][vc_column_text]Armband mit mehreren Streifen der gleichen <a href=\"https:\/\/curtidospinos.com\/de\/articles\/flat-leather-laces-tcp-3\">TCP 3-Referenz<\/a>, die einen Farbverlauf des gleichen Farbtons kombinieren.[\/vc_column_text][\/vc_column][vc_column width=&#8220;1\/4&#8243; css=&#8220;.vc_custom_1580286241586{padding: 2% !important;background-color: #ffffff !important;border: 1px solid #ffe296 !important;border-radius: 3px !important;}&#8220;][vc_single_image image=&#8220;13866&#8243; img_size=&#8220;full&#8220;][vc_column_text]Schlie\u00dfen Sie sich dem bunten Stamm an und kreieren Sie l\u00e4ssige Unisex-Armb\u00e4nder f\u00fcr den Sommer. <a href=\"https:\/\/curtidospinos.com\/de\/articles\/tcp-print\">TCP PRINT<\/a>.[\/vc_column_text][\/vc_column][vc_column width=&#8220;1\/4&#8243; css=&#8220;.vc_custom_1580286249674{padding: 2% !important;background-color: #ffffff !important;border: 1px solid #ffe296 !important;border-radius: 3px !important;}&#8220;][vc_single_image image=&#8220;13867&#8243; img_size=&#8220;full&#8220;][vc_column_text]Klassisches perforiertes Armband im indischen Stil. Trauen Sie sich, Ihre eigene Sammlung zu erstellen. <a href=\"https:\/\/curtidospinos.com\/en\/productos-laser\">Laser Produkte<\/a>[\/vc_column_text][\/vc_column][vc_column width=&#8220;1\/4&#8243; css=&#8220;.vc_custom_1580286258647{padding: 2% !important;background-color: #ffffff !important;border: 1px solid #ffe296 !important;border-radius: 3px !important;}&#8220;][vc_single_image image=&#8220;13868&#8243; img_size=&#8220;full&#8220;][vc_column_text]Streifen mit regenbogenfarbenen Streifen. F\u00fcr Italiener ist es ein Symbol des Friedens. Und jetzt benutzen die Kinder es als Hoffnungszeichen. In indischen Kulturen symbolisieren sie Ver\u00e4nderung und den Beginn einer neuen g\u00fcnstigen Phase.<a href=\"https:\/\/curtidospinos.com\/de\/articles\/tcp-print\">TCP PRINT<\/a>[\/vc_column_text][\/vc_column][\/vc_row][vc_row gap=&#8220;10&#8243; equal_height=&#8220;yes&#8220; css=&#8220;.vc_custom_1583250108523{background-color: #ffffff !important;border-radius: 3px !important;}&#8220;][vc_column width=&#8220;1\/4&#8243; css=&#8220;.vc_custom_1580286230291{padding: 2% !important;background-color: #ffffff !important;border: 1px solid #ffe296 !important;border-radius: 3px !important;}&#8220;][vc_single_image image=&#8220;10385&#8243; img_size=&#8220;full&#8220;][vc_column_text]Halsband mit 3&#215;1,5 mm Hirschlederarmband, sehr widerstandsf\u00e4hig und flexibel.<span class=\"JLqJ4b\" data-language-for-alternatives=\"de\" data-language-to-translate-into=\"es\" data-phrase-index=\"1\"> <span class=\"JLqJ4b ChMk0b\" data-language-for-alternatives=\"de\" data-language-to-translate-into=\"es\" data-phrase-index=\"2\">Complement, die eine TRIBIAL AIR inspiriert.<\/span><\/span>[\/vc_column_text][\/vc_column][vc_column width=&#8220;1\/4&#8243; css=&#8220;.vc_custom_1580286241586{padding: 2% !important;background-color: #ffffff !important;border: 1px solid #ffe296 !important;border-radius: 3px !important;}&#8220;][vc_single_image image=&#8220;10393&#8243; img_size=&#8220;full&#8220;][vc_column_text]Verschiedene PRINT Armb\u00e4nder 16&#215;0,6 cm<span class=\"JLqJ4b\" data-language-for-alternatives=\"de\" data-language-to-translate-into=\"es\" data-phrase-index=\"5\"> <span class=\"JLqJ4b ChMk0b\" data-language-for-alternatives=\"de\" data-language-to-translate-into=\"es\" data-phrase-index=\"6\">Wenn Sie mehrere Armb\u00e4nder zusammen an einem Handgelenk tragen, erhalten Sie das BOHO STYLE IMAGE.<\/span><\/span>[\/vc_column_text][\/vc_column][vc_column width=&#8220;1\/4&#8243; css=&#8220;.vc_custom_1580286249674{padding: 2% !important;background-color: #ffffff !important;border: 1px solid #ffe296 !important;border-radius: 3px !important;}&#8220;][vc_single_image image=&#8220;10384&#8243; img_size=&#8220;full&#8220;][vc_column_text]CCC 2 Lederkordelanh\u00e4nger mit flachem T\u00fcrkenkopfknoten.<span class=\"JLqJ4b\" data-language-for-alternatives=\"de\" data-language-to-translate-into=\"es\" data-phrase-index=\"9\"> <span class=\"JLqJ4b ChMk0b\" data-language-for-alternatives=\"de\" data-language-to-translate-into=\"es\" data-phrase-index=\"10\">Ideale Erg\u00e4nzung ein nat\u00fcrliches Aussehen auf den Sommer zu geben.<\/span><\/span>[\/vc_column_text][\/vc_column][vc_column width=&#8220;1\/4&#8243; css=&#8220;.vc_custom_1580286258647{padding: 2% !important;background-color: #ffffff !important;border: 1px solid #ffe296 !important;border-radius: 3px !important;}&#8220;][vc_single_image image=&#8220;10382&#8243; img_size=&#8220;full&#8220;][vc_column_text]SCHLANGENKNOTEN mit CCC 2,5 Lederschnur.<span class=\"JLqJ4b\" data-language-for-alternatives=\"de\" data-language-to-translate-into=\"es\" data-phrase-index=\"13\"> <span class=\"JLqJ4b ChMk0b\" data-language-for-alternatives=\"de\" data-language-to-translate-into=\"es\" data-phrase-index=\"14\">Es ist ideal, den Halsreif dicker als gew\u00f6hnlich zu machen. Die Schlange ist eines der zw\u00f6lf Tiere im chinesischen Horoskop und gilt als BRINGER OF GOOD LUCK.<\/span><\/span>[\/vc_column_text][\/vc_column][\/vc_row][vc_row gap=&#8220;10&#8243; equal_height=&#8220;yes&#8220;][vc_column width=&#8220;1\/4&#8243; css=&#8220;.vc_custom_1580286280310{padding: 2% !important;background-color: #ffffff !important;border: 1px solid #ffe296 !important;border-radius: 3px !important;}&#8220;][vc_single_image image=&#8220;10387&#8243; img_size=&#8220;full&#8220;][vc_column_text]Wertvolles Armband \u00a0 52&#215;1 cm geschnitten. <span class=\"JLqJ4b ChMk0b\" data-language-for-alternatives=\"de\" data-language-to-translate-into=\"es\" data-phrase-index=\"1\">mit DREI DREHUNGEN am Handgelenk festschrauben.<\/span>[\/vc_column_text][\/vc_column][vc_column width=&#8220;1\/4&#8243; css=&#8220;.vc_custom_1580286290226{padding: 2% !important;background-color: #ffffff !important;border: 1px solid #ffe296 !important;border-radius: 3px !important;}&#8220;][vc_single_image image=&#8220;10389&#8243; img_size=&#8220;full&#8220;][vc_column_text]Flaches Lederarmband Ref. TCP 6 R, in Silber eingefasst und in drei Farben, um den FINISHING TOUCH zu verleihen.[\/vc_column_text][\/vc_column][vc_column width=&#8220;1\/4&#8243; css=&#8220;.vc_custom_1580286299689{padding: 25px !important;background-color: #ffffff !important;border: 1px solid #ffe296 !important;border-radius: 3px !important;}&#8220;][vc_single_image image=&#8220;10386&#8243; img_size=&#8220;full&#8220;][vc_column_text]UNISEX Armband, einfach und BASIC FOR JEANS FASHION. <span class=\"JLqJ4b ChMk0b\" data-language-for-alternatives=\"de\" data-language-to-translate-into=\"es\" data-phrase-index=\"6\">Erstellt mit einem 22&#215;1 cm PRINT Flat Strip Base.<\/span>[\/vc_column_text][\/vc_column][vc_column width=&#8220;1\/4&#8243; css=&#8220;.vc_custom_1580286308175{padding: 2% !important;background-color: #ffffff !important;border: 1px solid #ffe296 !important;border-radius: 3px !important;}&#8220;][vc_single_image image=&#8220;10391&#8243; img_size=&#8220;full&#8220;][vc_column_text]W\u00fcnschen Sie Armb\u00e4nder #BESTFRIENDSFOREVER Linie, einfach f\u00fcr einen informellen Sommer und TOPE mit Freunden.<span class=\"JLqJ4b\" data-language-for-alternatives=\"de\" data-language-to-translate-into=\"es\" data-phrase-index=\"9\"> <span class=\"JLqJ4b ChMk0b\" data-language-for-alternatives=\"de\" data-language-to-translate-into=\"es\" data-phrase-index=\"10\">Streifen lasergeschnitten 16&#215;0,6 cm.<\/span><\/span>[\/vc_column_text][\/vc_column][\/vc_row][vc_row gap=&#8220;10&#8243; equal_height=&#8220;yes&#8220;][vc_column width=&#8220;1\/4&#8243; css=&#8220;.vc_custom_1580286280310{padding: 2% !important;background-color: #ffffff !important;border: 1px solid #ffe296 !important;border-radius: 3px !important;}&#8220;][vc_single_image image=&#8220;12910&#8243; img_size=&#8220;full&#8220;][vc_column_text]Lederschnur Ring Ref. CCC 2,5 in Form eines keltischen Knotens geflochten.[\/vc_column_text][\/vc_column][vc_column width=&#8220;1\/4&#8243; css=&#8220;.vc_custom_1580286290226{padding: 2% !important;background-color: #ffffff !important;border: 1px solid #ffe296 !important;border-radius: 3px !important;}&#8220;][vc_single_image image=&#8220;12911&#8243; img_size=&#8220;full&#8220;][vc_column_text]Kreieren Sie Juwelen mit edlen Materialien wie Steinen oder Leder, sie sind gute Verb\u00fcndete.[\/vc_column_text][\/vc_column][vc_column width=&#8220;1\/4&#8243; css=&#8220;.vc_custom_1580286299689{padding: 25px !important;background-color: #ffffff !important;border: 1px solid #ffe296 !important;border-radius: 3px !important;}&#8220;][vc_single_image image=&#8220;12912&#8243; img_size=&#8220;full&#8220;][vc_column_text]Erstellen Sie Sammlungen moderner und vanguardist Armb\u00e4nder und Armreifen. <span class=\"JLqJ4b ChMk0b\" data-language-for-alternatives=\"de\" data-language-to-translate-into=\"es\" data-phrase-index=\"5\">Ref. TCG Rombos.<\/span>[\/vc_column_text][\/vc_column][vc_column width=&#8220;1\/4&#8243; css=&#8220;.vc_custom_1580286308175{padding: 2% !important;background-color: #ffffff !important;border: 1px solid #ffe296 !important;border-radius: 3px !important;}&#8220;][vc_single_image image=&#8220;12913&#8243; img_size=&#8220;full&#8220;][vc_column_text]Machen Sie ein 6-Strang-Fischgr\u00e4ten-Geflecht, es ist einfach und schnell. <span class=\"JLqJ4b ChMk0b\" data-language-for-alternatives=\"de\" data-language-to-translate-into=\"es\" data-phrase-index=\"8\">Ref. CCC.<\/span>[\/vc_column_text][\/vc_column][\/vc_row][vc_row gap=&#8220;10&#8243; equal_height=&#8220;yes&#8220;][vc_column width=&#8220;1\/4&#8243; css=&#8220;.vc_custom_1580286280310{padding: 2% !important;background-color: #ffffff !important;border: 1px solid #ffe296 !important;border-radius: 3px !important;}&#8220;][vc_single_image image=&#8220;12938&#8243; img_size=&#8220;full&#8220;][vc_column_text]G\u00c4NSEBL\u00dcMCHEN als Inspiration, ein definitiver DRUCK, der perfekt mit der WEISS-SCHWARZ-Paarung zusammenarbeitet.[\/vc_column_text][\/vc_column][vc_column width=&#8220;1\/4&#8243; css=&#8220;.vc_custom_1580286290226{padding: 2% !important;background-color: #ffffff !important;border: 1px solid #ffe296 !important;border-radius: 3px !important;}&#8220;][vc_single_image image=&#8220;12939&#8243; img_size=&#8220;full&#8220;][vc_column_text]T\u00dcRKISCHER KOPFKNOTEN Schl\u00fcsselbund aus Leder Ref. CCC 2.5 zur Erstellung einer SPORT MALE-Linie.[\/vc_column_text][\/vc_column][vc_column width=&#8220;1\/4&#8243; css=&#8220;.vc_custom_1580286299689{padding: 25px !important;background-color: #ffffff !important;border: 1px solid #ffe296 !important;border-radius: 3px !important;}&#8220;][vc_single_image image=&#8220;12940&#8243; img_size=&#8220;full&#8220;][vc_column_text]Armb\u00e4nder sind nach Gr\u00f6\u00dfe unterteilt oder sie sind sehr d\u00fcnn XS oder sehr breit XL.[\/vc_column_text][\/vc_column][vc_column width=&#8220;1\/4&#8243; css=&#8220;.vc_custom_1580286308175{padding: 2% !important;background-color: #ffffff !important;border: 1px solid #ffe296 !important;border-radius: 3px !important;}&#8220;][vc_single_image image=&#8220;12941&#8243; img_size=&#8220;full&#8220;][vc_column_text]Handgemachtes dunkelbraunes Lederband Armband Ref. CCC 3.[\/vc_column_text][\/vc_column][\/vc_row][vc_row gap=&#8220;10&#8243; equal_height=&#8220;yes&#8220;][vc_column width=&#8220;1\/4&#8243; css=&#8220;.vc_custom_1580286280310{padding: 2% !important;background-color: #ffffff !important;border: 1px solid #ffe296 !important;border-radius: 3px !important;}&#8220;][vc_single_image image=&#8220;12947&#8243; img_size=&#8220;full&#8220;][vc_column_text]Lederschnur Halskette mit Halbedelstein Perlen.[\/vc_column_text][\/vc_column][vc_column width=&#8220;1\/4&#8243; css=&#8220;.vc_custom_1580286290226{padding: 2% !important;background-color: #ffffff !important;border: 1px solid #ffe296 !important;border-radius: 3px !important;}&#8220;][vc_single_image image=&#8220;12948&#8243; img_size=&#8220;full&#8220;][vc_column_text]Schnur h\u00e4lt Gesichtsmaske. <span class=\"JLqJ4b ChMk0b\" data-language-for-alternatives=\"de\" data-language-to-translate-into=\"es\" data-phrase-index=\"3\">Um es immer zur Hand zu haben. Ref. CCC 2 oder TCP 3.<\/span>[\/vc_column_text][\/vc_column][vc_column width=&#8220;1\/4&#8243; css=&#8220;.vc_custom_1580286299689{padding: 25px !important;background-color: #ffffff !important;border: 1px solid #ffe296 !important;border-radius: 3px !important;}&#8220;][vc_single_image image=&#8220;12949&#8243; img_size=&#8220;full&#8220;][vc_column_text]Lederbasis- und Lederaccessoires zur Herstellung von H\u00e4keltaschen.[\/vc_column_text][\/vc_column][vc_column width=&#8220;1\/4&#8243; css=&#8220;.vc_custom_1580286308175{padding: 2% !important;background-color: #ffffff !important;border: 1px solid #ffe296 !important;border-radius: 3px !important;}&#8220;][vc_single_image image=&#8220;12950&#8243; img_size=&#8220;full&#8220;][vc_column_text]H\u00e4kelschal Clip Ornament.[\/vc_column_text][\/vc_column][\/vc_row][vc_row gap=&#8220;10&#8243; equal_height=&#8220;yes&#8220;][vc_column width=&#8220;1\/4&#8243; css=&#8220;.vc_custom_1580286280310{padding: 2% !important;background-color: #ffffff !important;border: 1px solid #ffe296 !important;border-radius: 3px !important;}&#8220;][vc_single_image image=&#8220;12961&#8243; img_size=&#8220;full&#8220;][vc_column_text]Gro\u00dfe Vielfalt an Phantasien in Leder f\u00fcr Armb\u00e4nder.[\/vc_column_text][\/vc_column][vc_column width=&#8220;1\/4&#8243; css=&#8220;.vc_custom_1580286290226{padding: 2% !important;background-color: #ffffff !important;border: 1px solid #ffe296 !important;border-radius: 3px !important;}&#8220;][vc_single_image image=&#8220;12963&#8243; img_size=&#8220;full&#8220;][vc_column_text]Gro\u00dfe Vielfalt an Phantasien in Leder f\u00fcr Armb\u00e4nder.[\/vc_column_text][\/vc_column][vc_column width=&#8220;1\/4&#8243; css=&#8220;.vc_custom_1580286299689{padding: 25px !important;background-color: #ffffff !important;border: 1px solid #ffe296 !important;border-radius: 3px !important;}&#8220;][vc_single_image image=&#8220;12964&#8243; img_size=&#8220;full&#8220;][vc_column_text]Gro\u00dfe Vielfalt an Phantasien in Leder f\u00fcr Armb\u00e4nder.[\/vc_column_text][\/vc_column][vc_column width=&#8220;1\/4&#8243; css=&#8220;.vc_custom_1580286308175{padding: 2% !important;background-color: #ffffff !important;border: 1px solid #ffe296 !important;border-radius: 3px !important;}&#8220;][vc_single_image image=&#8220;12965&#8243; img_size=&#8220;full&#8220;][vc_column_text]Gro\u00dfe Vielfalt an Phantasien in Leder f\u00fcr Armb\u00e4nder.[\/vc_column_text][\/vc_column][\/vc_row][vc_row gap=&#8220;10&#8243; equal_height=&#8220;yes&#8220;][vc_column width=&#8220;1\/4&#8243; css=&#8220;.vc_custom_1580286280310{padding: 2% !important;background-color: #ffffff !important;border: 1px solid #ffe296 !important;border-radius: 3px !important;}&#8220;][vc_single_image image=&#8220;12972&#8243; img_size=&#8220;full&#8220;][vc_column_text]Beispiel eines handgekn\u00fcpften Halsreifs.[\/vc_column_text][\/vc_column][vc_column width=&#8220;1\/4&#8243; css=&#8220;.vc_custom_1580286290226{padding: 2% !important;background-color: #ffffff !important;border: 1px solid #ffe296 !important;border-radius: 3px !important;}&#8220;][vc_single_image image=&#8220;12974&#8243; img_size=&#8220;full&#8220;][vc_column_text]Flaches Lederband mit originaler personalisierter Gravur. <span class=\"JLqJ4b ChMk0b\" data-language-for-alternatives=\"de\" data-language-to-translate-into=\"es\" data-phrase-index=\"3\">SCHAFFEN SIE BENUTZERDEFINIERTEN SCHMUCK.<\/span>[\/vc_column_text][\/vc_column][vc_column width=&#8220;1\/4&#8243; css=&#8220;.vc_custom_1580286299689{padding: 25px !important;background-color: #ffffff !important;border: 1px solid #ffe296 !important;border-radius: 3px !important;}&#8220;][vc_single_image image=&#8220;12975&#8243; img_size=&#8220;full&#8220;][vc_column_text]Klassischer \u00a0Halsreif f\u00fcr ikonischen Schmuck, der nicht aus der Mode kommt.[\/vc_column_text][\/vc_column][vc_column width=&#8220;1\/4&#8243; css=&#8220;.vc_custom_1580286308175{padding: 2% !important;background-color: #ffffff !important;border: 1px solid #ffe296 !important;border-radius: 3px !important;}&#8220;][vc_single_image image=&#8220;12976&#8243; img_size=&#8220;full&#8220;][vc_column_text]Handgekn\u00fcpfter Lederschnurhalsband. <span class=\"JLqJ4b ChMk0b\" data-language-for-alternatives=\"de\" data-language-to-translate-into=\"es\" data-phrase-index=\"8\">HANDGEFERTIGTE SCHMUCKST\u00dcCKE.<\/span>[\/vc_column_text][\/vc_column][\/vc_row][vc_row gap=&#8220;10&#8243; equal_height=&#8220;yes&#8220;][vc_column width=&#8220;1\/4&#8243; css=&#8220;.vc_custom_1580286280310{padding: 2% !important;background-color: #ffffff !important;border: 1px solid #ffe296 !important;border-radius: 3px !important;}&#8220;][vc_single_image image=&#8220;13102&#8243; img_size=&#8220;full&#8220;][vc_column_text]Lederohrringe. Werfen Sie einen Blick in unsere Laserabteilung und lassen Sie sich inspirieren, ein personalisiertes St\u00fcck Rindsleder zu kreieren. Die Mindestbestellmenge betr\u00e4gt nur 25 St\u00fcck \/ Farbe.[\/vc_column_text][\/vc_column][vc_column width=&#8220;1\/4&#8243; css=&#8220;.vc_custom_1580286290226{padding: 2% !important;background-color: #ffffff !important;border: 1px solid #ffe296 !important;border-radius: 3px !important;}&#8220;][vc_single_image image=&#8220;13103&#8243; img_size=&#8220;full&#8220;][vc_column_text]Handbemaltes Armband als Referenz f\u00fcr die Basiszeichnung, die auf Kundenwunsch mit dem Laser graviert wurde.[\/vc_column_text][\/vc_column][vc_column width=&#8220;1\/4&#8243; css=&#8220;.vc_custom_1580286299689{padding: 25px !important;background-color: #ffffff !important;border: 1px solid #ffe296 !important;border-radius: 3px !important;}&#8220;][vc_single_image image=&#8220;13104&#8243; img_size=&#8220;full&#8220;][vc_column_text]Geflochtenes Armband von Hand, es ist eine Option, senden Sie einfach das Muster mit den genauen Ma\u00dfen der L\u00f6cher in der Basis des Armbandes[\/vc_column_text][\/vc_column][vc_column width=&#8220;1\/4&#8243; css=&#8220;.vc_custom_1580286308175{padding: 2% !important;background-color: #ffffff !important;border: 1px solid #ffe296 !important;border-radius: 3px !important;}&#8220;][vc_single_image image=&#8220;13105&#8243; img_size=&#8220;full&#8220;][vc_column_text]Entwerfen Sie stilvolle und moderne Lederarmb\u00e4nder mit einem einfachen Manschettenknopfverschluss.[\/vc_column_text][\/vc_column][\/vc_row]<\/p>\n<\/div>","protected":false},"excerpt":{"rendered":"<p>[vc_row gap=&#8220;10&#8243; equal_height=&#8220;yes&#8220; css=&#8220;.vc_custom_1583250108523{background-color: #ffffff !important;border-radius: 3px !important;}&#8220;][vc_column width=&#8220;1\/4&#8243; css=&#8220;.vc_custom_1580286230291{padding: 2% !important;background-color: #ffffff !important;border: 1px solid #ffe296 !important;border-radius: 3px !important;}&#8220;][vc_single_image image=&#8220;16003&#8243; img_size=&#8220;full&#8220;][vc_column_text]Armband mit Ref. TCP ORANGE und TCP PRINT TWEED.[\/vc_column_text][\/vc_column][vc_column width=&#8220;1\/4&#8243; css=&#8220;.vc_custom_1580286241586{padding: 2% !important;background-color: #ffffff !important;border: 1px solid #ffe296 !important;border-radius: 3px !important;}&#8220;][vc_single_image image=&#8220;16004&#8243; img_size=&#8220;full&#8220;][vc_column_text]Armband mit Ref. TCP BROWN BURNED und TCP PRINT TUERCAS..[\/vc_column_text][\/vc_column][vc_column width=&#8220;1\/4&#8243; css=&#8220;.vc_custom_1580286249674{padding:&hellip;<\/p>\n","protected":false},"author":7,"featured_media":0,"parent":0,"menu_order":5,"comment_status":"closed","ping_status":"closed","template":"","meta":{"footnotes":""},"class_list":["post-1126","page","type-page","status-publish","hentry","description-off"],"_links":{"self":[{"href":"https:\/\/curtidospinos.com\/de\/wp-json\/wp\/v2\/pages\/1126","targetHints":{"allow":["GET"]}}],"collection":[{"href":"https:\/\/curtidospinos.com\/de\/wp-json\/wp\/v2\/pages"}],"about":[{"href":"https:\/\/curtidospinos.com\/de\/wp-json\/wp\/v2\/types\/page"}],"author":[{"embeddable":true,"href":"https:\/\/curtidospinos.com\/de\/wp-json\/wp\/v2\/users\/7"}],"replies":[{"embeddable":true,"href":"https:\/\/curtidospinos.com\/de\/wp-json\/wp\/v2\/comments?post=1126"}],"version-history":[{"count":8,"href":"https:\/\/curtidospinos.com\/de\/wp-json\/wp\/v2\/pages\/1126\/revisions"}],"predecessor-version":[{"id":16017,"href":"https:\/\/curtidospinos.com\/de\/wp-json\/wp\/v2\/pages\/1126\/revisions\/16017"}],"wp:attachment":[{"href":"https:\/\/curtidospinos.com\/de\/wp-json\/wp\/v2\/media?parent=1126"}],"curies":[{"name":"wp","href":"https:\/\/api.w.org\/{rel}","templated":true}]}}