{"id":1069,"date":"2012-07-08T12:22:52","date_gmt":"2012-07-08T12:22:52","guid":{"rendered":"http:\/\/curtidospinos.com\/?page_id=1069"},"modified":"2026-02-28T08:29:45","modified_gmt":"2026-02-28T07:29:45","slug":"nuestra-historia-2","status":"publish","type":"page","link":"https:\/\/curtidospinos.com\/de\/nuestra-historia-2\/","title":{"rendered":"\u00dcber uns"},"content":{"rendered":"<div class=\"wpb-content-wrapper\"><p>[vc_row full_width=&#8220;stretch_row_content_no_spaces&#8220; equal_height=&#8220;yes&#8220; content_placement=&#8220;middle&#8220; css=&#8220;.vc_custom_1587469517073{margin-top: 0px !important;margin-right: 0px !important;margin-bottom: 0px !important;margin-left: 0px !important;padding-top: 0px !important;padding-right: 0px !important;padding-bottom: 0px !important;padding-left: 0px !important;}&#8220;][vc_column css=&#8220;.vc_custom_1587469667109{margin-top: 0px !important;padding-top: 0px !important;padding-right: 0px !important;padding-bottom: 0px !important;padding-left: 0px !important;}&#8220;][vc_raw_html css=&#8220;.vc_custom_1587469676131{margin-top: 0px !important;margin-bottom: 0px !important;padding-top: 0px !important;}&#8220;]JTVCcmV2X3NsaWRlciUyMGFsaWFzJTNEJTIyaGlzdG9yaWElMjIlNUQlNUIlMkZyZXZfc2xpZGVyJTVE[\/vc_raw_html][\/vc_column][\/vc_row][vc_row css=&#8220;.vc_custom_1587469555104{margin-top: 5% !important;margin-bottom: 5% !important;}&#8220;][vc_column width=&#8220;1\/4&#8243;][vc_single_image image=&#8220;1443&#8243; img_size=&#8220;full&#8220;][\/vc_column][vc_column width=&#8220;3\/4&#8243;][vc_column_text]<\/p>\n<div id=\"metaslider-id-12396\" style=\"max-width: 800px;\" class=\"ml-slider-3-106-0 metaslider metaslider-flex metaslider-12396 ml-slider ms-theme-default nav-hidden nav-hidden nav-hidden\" role=\"region\" aria-label=\"OUR STORE\" data-height=\"350\" data-width=\"800\">\n    <div id=\"metaslider_container_12396\">\n        <div id=\"metaslider_12396\">\n            <ul class='slides'>\n                <li style=\"display: block; width: 100%;\" class=\"slide-12397 ms-image \" aria-roledescription=\"slide\" data-date=\"2020-11-22 08:35:38\" data-filename=\"1.Tarjeta-de-presentacion.jpg\" data-slide-type=\"image\"><img loading=\"lazy\" decoding=\"async\" src=\"https:\/\/curtidospinos.com\/wp-content\/uploads\/1.Tarjeta-de-presentacion.jpg\" height=\"350\" width=\"800\" alt=\"Fabricantes de Cord\u00f3n para Joyeria\" class=\"slider-12396 slide-12397 msDefaultImage\" title=\"1.Tarjeta de presentaci\u00f3n\" \/><\/li>\n                <li style=\"display: none; width: 100%;\" class=\"slide-12398 ms-image \" aria-roledescription=\"slide\" data-date=\"2020-11-22 08:35:38\" data-filename=\"2.Fabricantes-de-tira-y-cordon-de-piel.jpg\" data-slide-type=\"image\"><img loading=\"lazy\" decoding=\"async\" src=\"https:\/\/curtidospinos.com\/wp-content\/uploads\/2.Fabricantes-de-tira-y-cordon-de-piel.jpg\" height=\"350\" width=\"800\" alt=\"Piel de alta calidad para creaci\u00f3n de pulseras.\" class=\"slider-12396 slide-12398 msDefaultImage\" title=\"2.Fabricantes de tira y cord\u00f3n de piel\" \/><\/li>\n                <li style=\"display: none; width: 100%;\" class=\"slide-12399 ms-image \" aria-roledescription=\"slide\" data-date=\"2020-11-22 08:35:38\" data-filename=\"3.-Fundada-a-principios-del-siglo-XIX.jpg\" data-slide-type=\"image\"><img loading=\"lazy\" decoding=\"async\" src=\"https:\/\/curtidospinos.com\/wp-content\/uploads\/3.-Fundada-a-principios-del-siglo-XIX.jpg\" height=\"350\" width=\"800\" alt=\"Curtidos Pin\u00f3s vista desde la calle\" class=\"slider-12396 slide-12399 msDefaultImage\" title=\"3. Fundada a principios del siglo XIX\" \/><\/li>\n                <li style=\"display: none; width: 100%;\" class=\"slide-12400 ms-image \" aria-roledescription=\"slide\" data-date=\"2020-11-22 08:35:38\" data-filename=\"4.-Interior.jpg\" data-slide-type=\"image\"><img loading=\"lazy\" decoding=\"async\" src=\"https:\/\/curtidospinos.com\/wp-content\/uploads\/4.-Interior.jpg\" height=\"350\" width=\"800\" alt=\"Interior de Curtidos Pin\u00f3s\" class=\"slider-12396 slide-12400 msDefaultImage\" title=\"4. Interior de Curtidos Pin\u00f3s\" \/><\/li>\n                <li style=\"display: none; width: 100%;\" class=\"slide-12401 ms-image \" aria-roledescription=\"slide\" data-date=\"2020-11-22 08:35:38\" data-filename=\"4.-Preparado-para-enviar.jpg\" data-slide-type=\"image\"><img loading=\"lazy\" decoding=\"async\" src=\"https:\/\/curtidospinos.com\/wp-content\/uploads\/4.-Preparado-para-enviar.jpg\" height=\"350\" width=\"800\" alt=\"Para la creaci\u00f3n de Joyas Exclusivas\" class=\"slider-12396 slide-12401 msDefaultImage\" title=\"4. Preparado para enviar\" \/><\/li>\n                <li style=\"display: none; width: 100%;\" class=\"slide-12402 ms-image \" aria-roledescription=\"slide\" data-date=\"2020-11-22 08:35:38\" data-filename=\"5.-Cordon-para-Joyeria.jpg\" data-slide-type=\"image\"><img loading=\"lazy\" decoding=\"async\" src=\"https:\/\/curtidospinos.com\/wp-content\/uploads\/5.-Cordon-para-Joyeria.jpg\" height=\"350\" width=\"800\" alt=\"Cord\u00f3n de Cuero para Gargantillas.\" class=\"slider-12396 slide-12402 msDefaultImage\" title=\"5. Cord\u00f3n para Joyeria\" \/><\/li>\n                <li style=\"display: none; width: 100%;\" class=\"slide-12403 ms-image \" aria-roledescription=\"slide\" data-date=\"2020-11-22 08:35:38\" data-filename=\"6.-Interior.jpg\" data-slide-type=\"image\"><img loading=\"lazy\" decoding=\"async\" src=\"https:\/\/curtidospinos.com\/wp-content\/uploads\/6.-Interior.jpg\" height=\"350\" width=\"800\" alt=\"Curtidos Pin\u00f3s\" class=\"slider-12396 slide-12403 msDefaultImage\" title=\"6. Interior de la Tienda Curtidos Pin\u00f3s\" \/><\/li>\n                <li style=\"display: none; width: 100%;\" class=\"slide-12404 ms-image \" aria-roledescription=\"slide\" data-date=\"2020-11-22 08:35:38\" data-filename=\"7.-Interior.jpg\" data-slide-type=\"image\"><img loading=\"lazy\" decoding=\"async\" src=\"https:\/\/curtidospinos.com\/wp-content\/uploads\/7.-Interior.jpg\" height=\"350\" width=\"800\" alt=\"En el interior de Curtidos Pin\u00f3s respetamos el ambiente de anta\u00f1o.\" class=\"slider-12396 slide-12404 msDefaultImage\" title=\"7. Interior de Curtidos Pin\u00f3s\" \/><\/li>\n                <li style=\"display: none; width: 100%;\" class=\"slide-12405 ms-image \" aria-roledescription=\"slide\" data-date=\"2020-11-22 08:35:38\" data-filename=\"8.-Caja-de-cobro-centenaria.jpg\" data-slide-type=\"image\"><img loading=\"lazy\" decoding=\"async\" src=\"https:\/\/curtidospinos.com\/wp-content\/uploads\/8.-Caja-de-cobro-centenaria.jpg\" height=\"350\" width=\"800\" alt=\"Caja registradora Centenaria en Curtidos Pin\u00f3s\" class=\"slider-12396 slide-12405 msDefaultImage\" title=\"8. Caja de cobro centenaria\" \/><\/li>\n                <li style=\"display: none; width: 100%;\" class=\"slide-12406 ms-image \" aria-roledescription=\"slide\" data-date=\"2020-11-22 08:35:38\" data-filename=\"9.Codon-de-Cuero-de-nuestra-fabricacion.jpg\" data-slide-type=\"image\"><img loading=\"lazy\" decoding=\"async\" src=\"https:\/\/curtidospinos.com\/wp-content\/uploads\/9.Codon-de-Cuero-de-nuestra-fabricacion.jpg\" height=\"350\" width=\"800\" alt=\"Nos hemos adaptado a un ambiente cambiante.\" class=\"slider-12396 slide-12406 msDefaultImage\" title=\"9.Cod\u00f3n de Cuero de nuestra fabricaci\u00f3n\" \/><\/li>\n                <li style=\"display: none; width: 100%;\" class=\"slide-12407 ms-image \" aria-roledescription=\"slide\" data-date=\"2020-11-22 08:35:38\" data-filename=\"11.-Balanza-Centenaria.jpg\" data-slide-type=\"image\"><img loading=\"lazy\" decoding=\"async\" src=\"https:\/\/curtidospinos.com\/wp-content\/uploads\/11.-Balanza-Centenaria.jpg\" height=\"350\" width=\"800\" alt=\"Balanza con pesas antiguas en Curtidos Pin\u00f3s\" class=\"slider-12396 slide-12407 msDefaultImage\" title=\"11. Balanza Centenaria\" \/><\/li>\n                <li style=\"display: none; width: 100%;\" class=\"slide-12408 ms-image \" aria-roledescription=\"slide\" data-date=\"2020-11-22 08:35:38\" data-filename=\"12.-Packs-de-retales-para-artesanos-y-bricolage.jpg\" data-slide-type=\"image\"><img loading=\"lazy\" decoding=\"async\" src=\"https:\/\/curtidospinos.com\/wp-content\/uploads\/12.-Packs-de-retales-para-artesanos-y-bricolage.jpg\" height=\"350\" width=\"800\" alt=\"Retales de Cuero para Manualidades.\" class=\"slider-12396 slide-12408 msDefaultImage\" title=\"12. Packs de retales para artesanos y bricolage\" \/><\/li>\n                <li style=\"display: none; width: 100%;\" class=\"slide-12409 ms-image \" aria-roledescription=\"slide\" data-date=\"2020-11-22 08:35:38\" data-filename=\"13.-Exposicion-de-cordon-de-cuero-para-joyeria.jpg\" data-slide-type=\"image\"><img loading=\"lazy\" decoding=\"async\" src=\"https:\/\/curtidospinos.com\/wp-content\/uploads\/13.-Exposicion-de-cordon-de-cuero-para-joyeria.jpg\" height=\"350\" width=\"800\" alt=\"Showroom de Cord\u00f3n de Cuero.\" class=\"slider-12396 slide-12409 msDefaultImage\" title=\"13. Exposici\u00f3n de cord\u00f3n de cuero para joyeria\" \/><\/li>\n                <li style=\"display: none; width: 100%;\" class=\"slide-12410 ms-image \" aria-roledescription=\"slide\" data-date=\"2020-11-22 08:35:38\" data-filename=\"14.Stock-de-Cordon-para-Joyeria-y-Bisuteria.jpg\" data-slide-type=\"image\"><img loading=\"lazy\" decoding=\"async\" src=\"https:\/\/curtidospinos.com\/wp-content\/uploads\/14.Stock-de-Cordon-para-Joyeria-y-Bisuteria.jpg\" height=\"350\" width=\"800\" alt=\"Cuero para Joyeria\" class=\"slider-12396 slide-12410 msDefaultImage\" title=\"14.Stock de Cord\u00f3n para Joyeria y Bisuteria\" \/><\/li>\n                <li style=\"display: none; width: 100%;\" class=\"slide-12411 ms-image \" aria-roledescription=\"slide\" data-date=\"2020-11-22 08:35:38\" data-filename=\"15.-Stock-de-piel-para-joyeria-y-bisuteria.jpg\" data-slide-type=\"image\"><img loading=\"lazy\" decoding=\"async\" src=\"https:\/\/curtidospinos.com\/wp-content\/uploads\/15.-Stock-de-piel-para-joyeria-y-bisuteria.jpg\" height=\"350\" width=\"800\" alt=\"Cuero plano para pulseras.\" class=\"slider-12396 slide-12411 msDefaultImage\" title=\"15. Stock de piel para joyeria y bisuteria\" \/><\/li>\n                <li style=\"display: none; width: 100%;\" class=\"slide-12412 ms-image \" aria-roledescription=\"slide\" data-date=\"2020-11-22 08:35:39\" data-filename=\"16.-Interior-de-la-tienda-ubicada-en-el-Casco-Antiguo-de-Barcelona.jpg\" data-slide-type=\"image\"><img loading=\"lazy\" decoding=\"async\" src=\"https:\/\/curtidospinos.com\/wp-content\/uploads\/16.-Interior-de-la-tienda-ubicada-en-el-Casco-Antiguo-de-Barcelona.jpg\" height=\"350\" width=\"800\" alt=\"En Curtidos Pin\u00f3s mantenemos el ambiente de anta\u00f1o.\" class=\"slider-12396 slide-12412 msDefaultImage\" title=\"16. Interior de la tienda ubicada en el Casco Antiguo de Barcelona\" \/><\/li>\n                <li style=\"display: none; width: 100%;\" class=\"slide-12413 ms-image \" aria-roledescription=\"slide\" data-date=\"2020-11-22 08:35:39\" data-filename=\"17.-Interior-de-la-Tienda.jpg\" data-slide-type=\"image\"><img loading=\"lazy\" decoding=\"async\" src=\"https:\/\/curtidospinos.com\/wp-content\/uploads\/17.-Interior-de-la-Tienda.jpg\" height=\"350\" width=\"800\" alt=\"Decoraci\u00f3n de la escalera de Curtidos Pin\u00f3s\" class=\"slider-12396 slide-12413 msDefaultImage\" title=\"17. Interior de la Tienda\" \/><\/li>\n                <li style=\"display: none; width: 100%;\" class=\"slide-12414 ms-image \" aria-roledescription=\"slide\" data-date=\"2020-11-22 08:35:39\" data-filename=\"18.-Zona-de-Exposicion-Nueva.jpg\" data-slide-type=\"image\"><img loading=\"lazy\" decoding=\"async\" src=\"https:\/\/curtidospinos.com\/wp-content\/uploads\/18.-Zona-de-Exposicion-Nueva.jpg\" height=\"350\" width=\"800\" alt=\"Nuevo showroom en Curtidos Pin\u00f3s.\" class=\"slider-12396 slide-12414 msDefaultImage\" title=\"18. Zona de Exposici\u00f3n Nueva\" \/><\/li>\n                <li style=\"display: none; width: 100%;\" class=\"slide-12415 ms-image \" aria-roledescription=\"slide\" data-date=\"2020-11-22 08:35:39\" data-filename=\"19.Exposicion-de-nuevas-tendencias-en-Cordon-de-Cuero.jpg\" data-slide-type=\"image\"><img loading=\"lazy\" decoding=\"async\" src=\"https:\/\/curtidospinos.com\/wp-content\/uploads\/19.Exposicion-de-nuevas-tendencias-en-Cordon-de-Cuero.jpg\" height=\"350\" width=\"800\" alt=\"Fantasia en el cuero.\" class=\"slider-12396 slide-12415 msDefaultImage\" title=\"19.Exposici\u00f3n de nuevas tendencias en Cord\u00f3n de Cuero\" \/><\/li>\n                <li style=\"display: none; width: 100%;\" class=\"slide-12416 ms-image \" aria-roledescription=\"slide\" data-date=\"2020-11-22 08:35:39\" data-filename=\"20.-Tira-de-Cuero-preparada-para-enviar.jpg\" data-slide-type=\"image\"><img loading=\"lazy\" decoding=\"async\" src=\"https:\/\/curtidospinos.com\/wp-content\/uploads\/20.-Tira-de-Cuero-preparada-para-enviar.jpg\" height=\"350\" width=\"800\" alt=\"Explosi\u00f3n de colores en Curtidos Pin\u00f3s\" class=\"slider-12396 slide-12416 msDefaultImage\" title=\"20. Tira de Cuero preparada para enviar\" \/><\/li>\n                <li style=\"display: none; width: 100%;\" class=\"slide-12417 ms-image \" aria-roledescription=\"slide\" data-date=\"2020-11-22 08:35:39\" data-filename=\"21.-Paquete-cerrado-para-enviar.jpg\" data-slide-type=\"image\"><img loading=\"lazy\" decoding=\"async\" src=\"https:\/\/curtidospinos.com\/wp-content\/uploads\/21.-Paquete-cerrado-para-enviar.jpg\" height=\"350\" width=\"800\" alt=\"Envoltorio de los paquetes\" class=\"slider-12396 slide-12417 msDefaultImage\" title=\"21. Paquete cerrado para enviar\" \/><\/li>\n                <li style=\"display: none; width: 100%;\" class=\"slide-12418 ms-image \" aria-roledescription=\"slide\" data-date=\"2020-11-22 08:35:39\" data-filename=\"22.-Interior-.jpg\" data-slide-type=\"image\"><img loading=\"lazy\" decoding=\"async\" src=\"https:\/\/curtidospinos.com\/wp-content\/uploads\/22.-Interior-.jpg\" height=\"350\" width=\"800\" alt=\"Prespectiva interior Curtidos Pin\u00f3s\" class=\"slider-12396 slide-12418 msDefaultImage\" title=\"22. Interior\" \/><\/li>\n            <\/ul>\n        <\/div>\n        \n    <\/div>\n<\/div>\n<p>&nbsp;<\/p>\n<p>Die Anf\u00e4nge von CURTIDOS PIN\u00d3S sind unbekannt, jedoch scheint die Gr\u00fcndung Anfang des XIX Jahrhunderts zu sein. Im Jahr 1991 \u00fcbernahm M.Carmen Vidal die Firma. Frau Vidal stammt aus einer Familie mit einer Gerbertradition seit mehr als 5 Generationen.<\/p>\n<p>Im Jahr 1995, aufgrund der Marktanforderungen und um unsere nationalen und internationalen Grosskunden besser beliefern zu k\u00f6nnen, wurde die Firma Jorgens Vidal S.L. gegr\u00fcndet, dessen aktueller Gesch\u00e4ftsf\u00fchrer Marc Ingo J\u00f6rgens ist. Ein Deutscher, der aus einer Stadt mit alter Gerbertradition kommt.<\/p>\n<p>Am Anfang lieferte CURTIDOS PIN\u00d3S ausschliesslich nur an Schuhmacher in der Stadt Barcelona. Sp\u00e4ter kamen die Lederhandarbeiter dazu, die an den Werkzeugen und dem Zubeh\u00f6r interessiert waren.<\/p>\n<p>Heute arbeiten wir haupts\u00e4chlich in der Juwelier- und der Modeschmuckbranche, und produzieren einen breiten Angebot von Lederschn\u00fcren, Lederstreifen und Lederz\u00f6pfen und vielen anderen Artikeln f\u00fcr Ketten und Armb\u00e4nder.<\/p>\n<p>F\u00fcr mehr Information \u00fcber unsere Produkte rufen Sie uns an, oder schreiben Sie eine email an info@curtidospinos.com.[\/vc_column_text][\/vc_column][\/vc_row]<\/p>\n<\/div>","protected":false},"excerpt":{"rendered":"<p>[vc_row full_width=&#8220;stretch_row_content_no_spaces&#8220; equal_height=&#8220;yes&#8220; content_placement=&#8220;middle&#8220; css=&#8220;.vc_custom_1587469517073{margin-top: 0px !important;margin-right: 0px !important;margin-bottom: 0px !important;margin-left: 0px !important;padding-top: 0px !important;padding-right: 0px !important;padding-bottom: 0px !important;padding-left: 0px !important;}&#8220;][vc_column css=&#8220;.vc_custom_1587469667109{margin-top: 0px !important;padding-top: 0px !important;padding-right: 0px !important;padding-bottom: 0px !important;padding-left: 0px !important;}&#8220;][vc_raw_html css=&#8220;.vc_custom_1587469676131{margin-top: 0px !important;margin-bottom: 0px !important;padding-top: 0px !important;}&#8220;]JTVCcmV2X3NsaWRlciUyMGFsaWFzJTNEJTIyaGlzdG9yaWElMjIlNUQlNUIlMkZyZXZfc2xpZGVyJTVE[\/vc_raw_html][\/vc_column][\/vc_row][vc_row css=&#8220;.vc_custom_1587469555104{margin-top: 5% !important;margin-bottom: 5% !important;}&#8220;][vc_column width=&#8220;1\/4&#8243;][vc_single_image image=&#8220;1443&#8243; img_size=&#8220;full&#8220;][\/vc_column][vc_column width=&#8220;3\/4&#8243;][vc_column_text] &nbsp; Die Anf\u00e4nge von CURTIDOS PIN\u00d3S sind&hellip;<\/p>\n","protected":false},"author":7,"featured_media":0,"parent":0,"menu_order":1,"comment_status":"closed","ping_status":"closed","template":"","meta":{"footnotes":""},"class_list":["post-1069","page","type-page","status-publish","hentry","description-off"],"_links":{"self":[{"href":"https:\/\/curtidospinos.com\/de\/wp-json\/wp\/v2\/pages\/1069","targetHints":{"allow":["GET"]}}],"collection":[{"href":"https:\/\/curtidospinos.com\/de\/wp-json\/wp\/v2\/pages"}],"about":[{"href":"https:\/\/curtidospinos.com\/de\/wp-json\/wp\/v2\/types\/page"}],"author":[{"embeddable":true,"href":"https:\/\/curtidospinos.com\/de\/wp-json\/wp\/v2\/users\/7"}],"replies":[{"embeddable":true,"href":"https:\/\/curtidospinos.com\/de\/wp-json\/wp\/v2\/comments?post=1069"}],"version-history":[{"count":5,"href":"https:\/\/curtidospinos.com\/de\/wp-json\/wp\/v2\/pages\/1069\/revisions"}],"predecessor-version":[{"id":17324,"href":"https:\/\/curtidospinos.com\/de\/wp-json\/wp\/v2\/pages\/1069\/revisions\/17324"}],"wp:attachment":[{"href":"https:\/\/curtidospinos.com\/de\/wp-json\/wp\/v2\/media?parent=1069"}],"curies":[{"name":"wp","href":"https:\/\/api.w.org\/{rel}","templated":true}]}}