{"id":9330,"date":"2020-01-17T13:00:53","date_gmt":"2020-01-17T12:00:53","guid":{"rendered":"http:\/\/curtidospinos.com\/?page_id=9330"},"modified":"2026-01-09T08:02:15","modified_gmt":"2026-01-09T07:02:15","slug":"inicio","status":"publish","type":"page","link":"https:\/\/curtidospinos.com\/Pt\/","title":{"rendered":"CASA"},"content":{"rendered":"<div class=\"wpb-content-wrapper\"><p>[vc_row full_width=&#8221;stretch_row_content_no_spaces&#8221; equal_height=&#8221;yes&#8221; content_placement=&#8221;middle&#8221; bg_type=&#8221;bg_color&#8221; css=&#8221;.vc_custom_1583751705944{margin-top: 0px !important;margin-right: 0px !important;margin-bottom: 0px !important;margin-left: 0px !important;padding-top: 0px !important;padding-right: 0px !important;padding-bottom: 0px !important;padding-left: 0px !important;}&#8221;][vc_column css=&#8221;.vc_custom_1583228097593{padding-top: 0px !important;}&#8221;][vc_raw_html css=&#8221;.vc_custom_1744462034935{margin-bottom: 0px !important;}&#8221;]JTVCbWV0YXNsaWRlciUyMGlkJTNEJTIyMTgxMjIlMjIlNUQ=[\/vc_raw_html][\/vc_column][\/vc_row][vc_row full_width=&#8221;stretch_row&#8221; content_placement=&#8221;middle&#8221; css=&#8221;.vc_custom_1585549021886{padding-top: 50px !important;padding-bottom: 50px !important;background-color: #3d1e0b !important;background-position: center !important;background-repeat: no-repeat !important;background-size: cover !important;}&#8221;][vc_column width=&#8221;1\/3&#8243;][vc_video link=&#8221;https:\/\/vimeo.com\/144121291&#8243;][vc_single_image image=&#8221;1251&#8243; img_size=&#8221;full&#8221; alignment=&#8221;center&#8221;][\/vc_column][vc_column width=&#8221;1\/3&#8243;][vc_column_text css_animation=&#8221;fadeIn&#8221; css=&#8221;.vc_custom_1616053535705{margin-top: 0px !important;margin-bottom: 0px !important;}&#8221;]<span style=\"color: #ffffff;\">No in\u00edcio, CURTIDOS PIN\u00d3S atendia exclusivamente aos sapateiros da cidade de Barcelona. Mais tarde, vieram os artes\u00e3os de couro que se interessaram pelas ferramentas e acess\u00f3rios dos sapateiros. Atualmente trabalhamos para a ind\u00fastria de joias e bijuterias. Somos fabricantes de uma grande variedade de cord\u00f5es, tiras, tran\u00e7as e acess\u00f3rios de couro e muitos outros itens para pingentes e pulseiras de couro. <\/span>[\/vc_column_text][vc_btn title=&#8221;Ler Mais&#8221; style=&#8221;outline-custom&#8221; outline_custom_color=&#8221;#ffe296&#8243; outline_custom_hover_background=&#8221;#ffffff&#8221; outline_custom_hover_text=&#8221;#000000&#8243; align=&#8221;center&#8221; i_align=&#8221;right&#8221; i_icon_fontawesome=&#8221;fas fa-chevron-right&#8221; add_icon=&#8221;true&#8221; link=&#8221;url:http%3A%2F%2Fcurtidospinos.com%2Fnuestra-historia-2|title:Historia||&#8221; css=&#8221;.vc_custom_1590131033940{margin-top: 3% !important;border-radius: 2px !important;}&#8221;][\/vc_column][vc_column width=&#8221;1\/3&#8243;][vc_raw_html]JTNDaWZyYW1lJTIwdGl0bGUlM0QlMjJ2aW1lby1wbGF5ZXIlMjIlMjBzcmMlM0QlMjJodHRwcyUzQSUyRiUyRnBsYXllci52aW1lby5jb20lMkZ2aWRlbyUyRjEzNDA3OTMwMyUyMiUyMHdpZHRoJTNEJTIyNjQwJTIyJTIwaGVpZ2h0JTNEJTIyMjAwJTIyJTIwZnJhbWVib3JkZXIlM0QlMjIwJTIyJTIwYWxsb3dmdWxsc2NyZWVuJTNFJTNDJTJGaWZyYW1lJTNF[\/vc_raw_html][\/vc_column][\/vc_row][vc_row gap=&#8221;10&#8243; equal_height=&#8221;yes&#8221; css=&#8221;.vc_custom_1583230816440{margin-top: 50px !important;}&#8221;][vc_column width=&#8221;1\/3&#8243; css=&#8221;.vc_custom_1579869522325{margin-right: 15px !important;border-top-width: 1px !important;border-right-width: 1px !important;border-bottom-width: 1px !important;border-left-width: 1px !important;padding-top: 40px !important;padding-right: 1px !important;padding-bottom: 10px !important;padding-left: 1px !important;background-color: #ffffff !important;border-left-color: #ffe296 !important;border-left-style: solid !important;border-right-color: #ffe296 !important;border-right-style: solid !important;border-top-color: #ffe296 !important;border-top-style: solid !important;border-bottom-color: #ffe296 !important;border-bottom-style: solid !important;border-radius: 3px !important;}&#8221;][vc_single_image image=&#8221;17201&#8243; img_size=&#8221;full&#8221; alignment=&#8221;center&#8221; onclick=&#8221;custom_link&#8221; link=&#8221;https:\/\/curtidospinos.com\/productos-por-referencias&#8221;][vc_column_text]<\/p>\n<h3>PRODUCTOS<\/h3>\n<p>[\/vc_column_text][vc_btn title=&#8221;Ler Mais&#8221; style=&#8221;outline-custom&#8221; outline_custom_color=&#8221;#3d1e0b&#8221; outline_custom_hover_background=&#8221;#ffe296&#8243; outline_custom_hover_text=&#8221;#3d1e0b&#8221; align=&#8221;center&#8221; i_align=&#8221;right&#8221; i_icon_fontawesome=&#8221;fas fa-chevron-right&#8221; add_icon=&#8221;true&#8221; link=&#8221;url:http%3A%2F%2Fcurtidospinos.com%2Fproductos-por-referencias|||&#8221; css=&#8221;.vc_custom_1590131043129{background-color: #ffffff !important;border-radius: 2px !important;}&#8221;][\/vc_column][vc_column width=&#8221;1\/3&#8243; css=&#8221;.vc_custom_1579867398533{margin-right: 15px !important;margin-left: 15px !important;border-top-width: 1px !important;border-right-width: 1px !important;border-bottom-width: 1px !important;border-left-width: 1px !important;padding-top: 40px !important;padding-right: 1px !important;padding-bottom: 10px !important;padding-left: 1px !important;background-color: #ffffff !important;border-left-color: #ffe296 !important;border-left-style: solid !important;border-right-color: #ffe296 !important;border-right-style: solid !important;border-top-color: #ffe296 !important;border-top-style: solid !important;border-bottom-color: #ffe296 !important;border-bottom-style: solid !important;border-radius: 3px !important;}&#8221;][vc_single_image image=&#8221;17091&#8243; img_size=&#8221;full&#8221; alignment=&#8221;center&#8221; onclick=&#8221;custom_link&#8221; link=&#8221;https:\/\/curtidospinos.com\/Pt\/leather-strip-color-charts\/&#8221;][vc_column_text]<\/p>\n<h3>CAT\u00c1LOGOS<\/h3>\n<p>[\/vc_column_text][vc_btn title=&#8221;Ler Mais&#8221; style=&#8221;outline-custom&#8221; outline_custom_color=&#8221;#3d1e0b&#8221; outline_custom_hover_background=&#8221;#ffe296&#8243; outline_custom_hover_text=&#8221;#3d1e0b&#8221; align=&#8221;center&#8221; i_align=&#8221;right&#8221; i_icon_fontawesome=&#8221;fas fa-chevron-right&#8221; add_icon=&#8221;true&#8221; link=&#8221;url:https%3A%2F%2Fcurtidospinos.com%2Fleather-strip-color-charts%2F|title:CAT%C3%81LOGOS&#8221; css=&#8221;.vc_custom_1729941230794{background-color: #ffffff !important;border-radius: 2px !important;}&#8221;][\/vc_column][vc_column width=&#8221;1\/3&#8243; css=&#8221;.vc_custom_1579869529577{margin-left: 15px !important;border-top-width: 1px !important;border-right-width: 1px !important;border-bottom-width: 1px !important;border-left-width: 1px !important;padding-top: 40px !important;padding-right: 1px !important;padding-bottom: 10px !important;padding-left: 1px !important;background-color: #ffffff !important;border-left-color: #ffe296 !important;border-left-style: solid !important;border-right-color: #ffe296 !important;border-right-style: solid !important;border-top-color: #ffe296 !important;border-top-style: solid !important;border-bottom-color: #ffe296 !important;border-bottom-style: solid !important;border-radius: 3px !important;}&#8221;][vc_single_image image=&#8221;18523&#8243; img_size=&#8221;full&#8221; alignment=&#8221;center&#8221; onclick=&#8221;custom_link&#8221; link=&#8221;https:\/\/curtidospinos.com\/instagram-feed\/&#8221;][vc_column_text]<\/p>\n<h3 style=\"text-align: center;\">INSTAGRAM FEED<\/h3>\n<p>[\/vc_column_text][vc_btn title=&#8221;Ler Mais&#8221; style=&#8221;outline-custom&#8221; outline_custom_color=&#8221;#3d1e0b&#8221; outline_custom_hover_background=&#8221;#ffe296&#8243; outline_custom_hover_text=&#8221;#3d1e0b&#8221; align=&#8221;center&#8221; i_align=&#8221;right&#8221; i_icon_fontawesome=&#8221;fas fa-chevron-right&#8221; add_icon=&#8221;true&#8221; link=&#8221;url:https%3A%2F%2Fcurtidospinos.com%2Finstagram-feed%2F|title:INSTAGRAM%20FEED&#8221; css=&#8221;.vc_custom_1709112680374{background-color: #ffffff !important;border-radius: 2px !important;}&#8221;][\/vc_column][\/vc_row][vc_row equal_height=&#8221;yes&#8221; content_placement=&#8221;middle&#8221; bg_type=&#8221;image&#8221; parallax_style=&#8221;vcpb-default&#8221; bg_image_new=&#8221;id^9663|url^https:\/\/curtidospinos.com\/wp-content\/uploads\/curtidos-pinos-contacto.jpg|caption^null|alt^null|title^curtidos-pinos-contacto|description^null&#8221; bg_image_repeat=&#8221;no-repeat&#8221; bg_override=&#8221;ex-full&#8221; css=&#8221;.vc_custom_1583228180816{margin-top: 5% !important;margin-bottom: 0px !important;border-bottom-width: 0px !important;padding-bottom: 20px !important;}&#8221;][vc_column width=&#8221;1\/2&#8243;][vc_column_text]O cord\u00e3o e a tira de couro s\u00e3o um elemento atemporal que tem sido valorizado ao longo da hist\u00f3ria por sua beleza natural e versatilidade na cria\u00e7\u00e3o de uma ampla gama de artesanatos e acess\u00f3rios. Das joias \u00e0 decora\u00e7\u00e3o da casa, o cord\u00e3o de couro deixou uma marca distintiva no mundo do design, acrescentando um toque de estilo e durabilidade a cada cria\u00e7\u00e3o.<\/p>\n<p>O seu charme reside na sua resist\u00eancia e flexibilidade, tornando-o o material ideal para uma variedade de projetos criativos. Sua durabilidade permite que seja utilizado na confec\u00e7\u00e3o de joias de qualidade, como colares, pulseiras e brincos, oferecendo um toque org\u00e2nico e um visual cl\u00e1ssico que nunca sai de moda.<\/p>\n<p>Al\u00e9m das joias, \u00e9 um componente essencial no mundo da marroquinaria e da fabrica\u00e7\u00e3o de acess\u00f3rios. Desde bolsas e carteiras a porta-chaves e porta-chaves, este material confere um toque de classe e eleg\u00e2ncia a cada pe\u00e7a, real\u00e7ando o seu aspecto e garantindo uma constru\u00e7\u00e3o duradoura.[\/vc_column_text][vc_row_inner][vc_column_inner width=&#8221;1\/2&#8243;][vc_video link=&#8221;https:\/\/vimeo.com\/1075219701&#8243; title=&#8221;Enrolando a tira de couro.&#8221;][\/vc_column_inner][vc_column_inner width=&#8221;1\/2&#8243;][vc_video link=&#8221;https:\/\/vimeo.com\/1128174630?share=copy&amp;fl=sv&amp;fe=ci&#8221; title=&#8221;AUTUMNAL HANDCRAFTED INSPIRATION&#8221;][\/vc_column_inner][\/vc_row_inner][\/vc_column][vc_column width=&#8221;1\/2&#8243;][vc_single_image image=&#8221;9888&#8243; img_size=&#8221;full&#8221; alignment=&#8221;center&#8221;][vc_row_inner][vc_column_inner][vc_single_image image=&#8221;16123&#8243; img_size=&#8221;medium&#8221; alignment=&#8221;center&#8221; onclick=&#8221;custom_link&#8221; link=&#8221;https:\/\/curtidospinos.com\/&#8221; css=&#8221;.vc_custom_1744790643304{padding-top: 10% !important;padding-bottom: 10% !important;}&#8221;][\/vc_column_inner][\/vc_row_inner][\/vc_column][\/vc_row]<\/p>\n<\/div>","protected":false},"excerpt":{"rendered":"<p>[vc_row full_width=&#8221;stretch_row_content_no_spaces&#8221; equal_height=&#8221;yes&#8221; content_placement=&#8221;middle&#8221; bg_type=&#8221;bg_color&#8221; css=&#8221;.vc_custom_1583751705944{margin-top: 0px !important;margin-right: 0px !important;margin-bottom: 0px !important;margin-left: 0px !important;padding-top: 0px !important;padding-right: 0px !important;padding-bottom: 0px !important;padding-left: 0px !important;}&#8221;][vc_column css=&#8221;.vc_custom_1583228097593{padding-top: 0px !important;}&#8221;][vc_raw_html css=&#8221;.vc_custom_1744462034935{margin-bottom: 0px !important;}&#8221;]JTVCbWV0YXNsaWRlciUyMGlkJTNEJTIyMTgxMjIlMjIlNUQ=[\/vc_raw_html][\/vc_column][\/vc_row][vc_row full_width=&#8221;stretch_row&#8221; content_placement=&#8221;middle&#8221; css=&#8221;.vc_custom_1585549021886{padding-top: 50px !important;padding-bottom: 50px !important;background-color: #3d1e0b !important;background-position: center !important;background-repeat: no-repeat !important;background-size: cover !important;}&#8221;][vc_column width=&#8221;1\/3&#8243;][vc_video link=&#8221;https:\/\/vimeo.com\/144121291&#8243;][vc_single_image image=&#8221;1251&#8243; img_size=&#8221;full&#8221; alignment=&#8221;center&#8221;][\/vc_column][vc_column width=&#8221;1\/3&#8243;][vc_column_text css_animation=&#8221;fadeIn&#8221; css=&#8221;.vc_custom_1616053535705{margin-top: 0px !important;margin-bottom: 0px !important;}&#8221;]No&hellip;<\/p>\n","protected":false},"author":7,"featured_media":0,"parent":0,"menu_order":0,"comment_status":"closed","ping_status":"closed","template":"","meta":{"footnotes":""},"class_list":["post-9330","page","type-page","status-publish","hentry","description-off"],"_links":{"self":[{"href":"https:\/\/curtidospinos.com\/Pt\/wp-json\/wp\/v2\/pages\/9330","targetHints":{"allow":["GET"]}}],"collection":[{"href":"https:\/\/curtidospinos.com\/Pt\/wp-json\/wp\/v2\/pages"}],"about":[{"href":"https:\/\/curtidospinos.com\/Pt\/wp-json\/wp\/v2\/types\/page"}],"author":[{"embeddable":true,"href":"https:\/\/curtidospinos.com\/Pt\/wp-json\/wp\/v2\/users\/7"}],"replies":[{"embeddable":true,"href":"https:\/\/curtidospinos.com\/Pt\/wp-json\/wp\/v2\/comments?post=9330"}],"version-history":[{"count":118,"href":"https:\/\/curtidospinos.com\/Pt\/wp-json\/wp\/v2\/pages\/9330\/revisions"}],"predecessor-version":[{"id":15939,"href":"https:\/\/curtidospinos.com\/Pt\/wp-json\/wp\/v2\/pages\/9330\/revisions\/15939"}],"wp:attachment":[{"href":"https:\/\/curtidospinos.com\/Pt\/wp-json\/wp\/v2\/media?parent=9330"}],"curies":[{"name":"wp","href":"https:\/\/api.w.org\/{rel}","templated":true}]}}