{"id":16165,"date":"2024-02-12T12:34:36","date_gmt":"2024-02-12T11:34:36","guid":{"rendered":"https:\/\/curtidospinos.com\/?page_id=16165"},"modified":"2024-03-07T14:54:33","modified_gmt":"2024-03-07T13:54:33","slug":"outlet","status":"publish","type":"page","link":"https:\/\/curtidospinos.com\/Pt\/outlet\/","title":{"rendered":"OUTLET"},"content":{"rendered":"<div class=\"wpb-content-wrapper\"><p>[vc_row][vc_column width=&#8221;1\/3&#8243;][vc_single_image image=&#8221;16166&#8243; title=&#8221;BICOLOR LIM\u00d3N Y CAOBA&#8221;][vc_column_text]<strong>BICOLOR LIM\u00d3N Y CAOBA<\/strong><\/p>\n<p>Medida 8\u00d72 mm.<\/p>\n<p>Superficie \u00a0combinaci\u00f3n de dos pieles.<\/p>\n<p>Base forrada de piel.<\/p>\n<p>Precio \u2013 2,50 \u20ac\/mt.[\/vc_column_text][\/vc_column][vc_column width=&#8221;1\/3&#8243;][vc_single_image image=&#8221;16171&#8243; title=&#8221;BICOLOR ROJO Y BURDEOS&#8221;][vc_column_text]<strong>BICOLOR ROJO Y BURDEOS<\/strong><\/p>\n<p>Medida 8\u00d72 mm.<\/p>\n<p>Superficie \u00a0combinaci\u00f3n de dos pieles.<\/p>\n<p>Base forrada de piel.<\/p>\n<p>Precio \u2013 2,50 \u20ac\/mt.[\/vc_column_text][\/vc_column][vc_column width=&#8221;1\/3&#8243;][vc_single_image image=&#8221;16172&#8243; title=&#8221;BICOLOR MARR\u00d3N OSCURO Y GRIS&#8221;][vc_column_text]<strong>BICOLOR MARR\u00d3N OSCURO Y GRIS<\/strong><\/p>\n<p>Medida 8\u00d72 mm.<\/p>\n<p>Superficie \u00a0combinaci\u00f3n de dos pieles.<\/p>\n<p>Base forrada de piel.<\/p>\n<p>Precio \u2013 2,50 \u20ac\/mt.[\/vc_column_text][\/vc_column][\/vc_row][vc_row][vc_column width=&#8221;1\/3&#8243;][vc_single_image image=&#8221;16173&#8243; title=&#8221;BICOLOR TAUPE Y GRIS&#8221;][vc_column_text]<strong>BICOLOR TAUPE Y GRIS<\/strong><\/p>\n<p>Medida 8\u00d72 mm.<\/p>\n<p>Superficie \u00a0combinaci\u00f3n de dos pieles.<\/p>\n<p>Base forrada de piel.<\/p>\n<p>Precio \u2013 2,50 \u20ac\/mt.[\/vc_column_text][\/vc_column][vc_column width=&#8221;1\/3&#8243;][vc_single_image image=&#8221;16174&#8243; title=&#8221;BICOLOR VERDE Y CAQUI&#8221;][vc_column_text]<strong>BICOLOR VERDE Y CAQUI<\/strong><\/p>\n<p>Medida 8\u00d72 mm.<\/p>\n<p>Superficie \u00a0combinaci\u00f3n de dos pieles.<\/p>\n<p>Base forrada de piel.<\/p>\n<p>Precio \u2013 2,50 \u20ac\/mt.[\/vc_column_text][\/vc_column][vc_column width=&#8221;1\/3&#8243;][vc_single_image image=&#8221;16175&#8243; title=&#8221;BICOLOR BEIGE Y MARFIL&#8221;][vc_column_text]<strong>BICOLOR BEIGE Y MARFIL<\/strong><\/p>\n<p>Medida 8\u00d72 mm.<\/p>\n<p>Superficie \u00a0combinaci\u00f3n de dos pieles.<\/p>\n<p>Base forrada de piel.<\/p>\n<p>Precio \u2013 2,50 \u20ac\/mt.[\/vc_column_text][\/vc_column][\/vc_row][vc_row][vc_column width=&#8221;1\/3&#8243;][vc_single_image image=&#8221;16176&#8243; title=&#8221;BICOLOR CAQUI Y BEIGE&#8221;][vc_column_text]<strong>BICOLOR CAQUI Y BEIGE<\/strong><\/p>\n<p>Medida 8\u00d72 mm.<\/p>\n<p>Superficie \u00a0combinaci\u00f3n de dos pieles.<\/p>\n<p>Base forrada de piel.<\/p>\n<p>Precio \u2013 2,50 \u20ac\/mt.[\/vc_column_text][\/vc_column][vc_column width=&#8221;1\/3&#8243;][vc_single_image image=&#8221;16177&#8243; title=&#8221;BICOLOR ESTA\u00d1O Y PLATA&#8221;][vc_column_text]<strong>BICOLOR ESTA\u00d1O Y PLATA<\/strong><\/p>\n<p>Medida 8\u00d72 mm.<\/p>\n<p>Superficie \u00a0combinaci\u00f3n de dos pieles.<\/p>\n<p>Base forrada de piel.<\/p>\n<p>Precio \u2013 2,50 \u20ac\/mt.[\/vc_column_text][\/vc_column][vc_column width=&#8221;1\/3&#8243;][vc_single_image image=&#8221;16178&#8243; title=&#8221;BICOLOR ORO VIEJO Y ORO BRILLO&#8221;][vc_column_text]<strong>BICOLOR ORO VIEJO Y ORO BRILLO<\/strong><\/p>\n<p>Medida 8\u00d72 mm.<\/p>\n<p>Superficie \u00a0combinaci\u00f3n de dos pieles.<\/p>\n<p>Base forrada de piel.<\/p>\n<p>Precio \u2013 2,50 \u20ac\/mt.[\/vc_column_text][\/vc_column][\/vc_row]<\/p>\n<\/div>","protected":false},"excerpt":{"rendered":"<p>[vc_row][vc_column width=&#8221;1\/3&#8243;][vc_single_image image=&#8221;16166&#8243; title=&#8221;BICOLOR LIM\u00d3N Y CAOBA&#8221;][vc_column_text]BICOLOR LIM\u00d3N Y CAOBA Medida 8\u00d72 mm. Superficie \u00a0combinaci\u00f3n de dos pieles. Base forrada de piel. Precio \u2013 2,50 \u20ac\/mt.[\/vc_column_text][\/vc_column][vc_column width=&#8221;1\/3&#8243;][vc_single_image image=&#8221;16171&#8243; title=&#8221;BICOLOR ROJO Y BURDEOS&#8221;][vc_column_text]BICOLOR ROJO Y BURDEOS Medida 8\u00d72 mm. Superficie \u00a0combinaci\u00f3n de dos pieles. Base forrada de piel. Precio \u2013 2,50 \u20ac\/mt.[\/vc_column_text][\/vc_column][vc_column width=&#8221;1\/3&#8243;][vc_single_image image=&#8221;16172&#8243; title=&#8221;BICOLOR MARR\u00d3N&hellip;<\/p>\n","protected":false},"author":7,"featured_media":0,"parent":0,"menu_order":0,"comment_status":"closed","ping_status":"closed","template":"","meta":{"footnotes":""},"class_list":["post-16165","page","type-page","status-publish","hentry","description-off"],"_links":{"self":[{"href":"https:\/\/curtidospinos.com\/Pt\/wp-json\/wp\/v2\/pages\/16165","targetHints":{"allow":["GET"]}}],"collection":[{"href":"https:\/\/curtidospinos.com\/Pt\/wp-json\/wp\/v2\/pages"}],"about":[{"href":"https:\/\/curtidospinos.com\/Pt\/wp-json\/wp\/v2\/types\/page"}],"author":[{"embeddable":true,"href":"https:\/\/curtidospinos.com\/Pt\/wp-json\/wp\/v2\/users\/7"}],"replies":[{"embeddable":true,"href":"https:\/\/curtidospinos.com\/Pt\/wp-json\/wp\/v2\/comments?post=16165"}],"version-history":[{"count":26,"href":"https:\/\/curtidospinos.com\/Pt\/wp-json\/wp\/v2\/pages\/16165\/revisions"}],"predecessor-version":[{"id":16281,"href":"https:\/\/curtidospinos.com\/Pt\/wp-json\/wp\/v2\/pages\/16165\/revisions\/16281"}],"wp:attachment":[{"href":"https:\/\/curtidospinos.com\/Pt\/wp-json\/wp\/v2\/media?parent=16165"}],"curies":[{"name":"wp","href":"https:\/\/api.w.org\/{rel}","templated":true}]}}