{"id":1123,"date":"2012-07-08T12:31:16","date_gmt":"2012-07-08T12:31:16","guid":{"rendered":"http:\/\/curtidospinos.com\/?page_id=1123"},"modified":"2024-01-10T17:02:33","modified_gmt":"2024-01-10T16:02:33","slug":"envios","status":"publish","type":"page","link":"https:\/\/curtidospinos.com\/Pt\/envios\/","title":{"rendered":"Expedi\u00e7ao"},"content":{"rendered":"<div class=\"wpb-content-wrapper\"><p>[vc_row content_placement=&#8221;middle&#8221;][vc_column width=&#8221;1\/2&#8243;][vc_single_image image=&#8221;16078&#8243; img_size=&#8221;full&#8221; alignment=&#8221;center&#8221; onclick=&#8221;img_link_large&#8221; css=&#8221;.vc_custom_1698687159525{margin-bottom: 0px !important;}&#8221;][\/vc_column][vc_column width=&#8221;1\/2&#8243;][vc_column_text css=&#8221;.vc_custom_1704902503449{margin-bottom: 10px !important;}&#8221;]<\/p>\n<h2><span style=\"color: #ff0000;\">LOG\u00cdSTICA<\/span><\/h2>\n<p>Assim que a encomenda estiver pronta, se assim o desejar, facilitaremos o processo de envio para que a sua encomenda chegue ao destino com efici\u00eancia e pontualidade.<\/p>\n<p>Gostar\u00edamos de lembrar que nossa pol\u00edtica estabelece que a mercadoria ser\u00e1 enviada uma vez processado o pagamento correspondente. Lamentamos informar que n\u00e3o podemos enviar produtos sem confirma\u00e7\u00e3o de pagamento pr\u00e9vio.<\/p>\n<p>Se precisar de assist\u00eancia adicional ou tiver alguma d\u00favida sobre o processo de pagamento, n\u00e3o hesite em nos contatar. Estaremos aqui para ajud\u00e1-lo.[\/vc_column_text]<div class=\"hr-thin style-line accent-border-color\" style=\"width: 30%;border-top-width: 3px;\"><\/div><style type=\"text\/css\" data-type=\"the7_shortcodes-inline-css\">.icon-with-text-shortcode.icon-text-id-8335f55f520b70e5f614cc803b4fe914 .text-icon {\n  width: 40px;\n  height: 40px;\n  line-height: 40px;\n  font-size: 20px;\n  border-radius: 200px;\n  margin: 0px 10px 0px 0px;\n}\n.icon-with-text-shortcode.icon-text-id-8335f55f520b70e5f614cc803b4fe914 .text-icon .icon-inner {\n  min-width: 40px;\n  min-height: 40px;\n  border-radius: 200px;\n}\n@media all and (-ms-high-contrast: none) {\n  .icon-with-text-shortcode.icon-text-id-8335f55f520b70e5f614cc803b4fe914 .text-icon .icon-inner {\n    height: 40px;\n  }\n}\n.icon-with-text-shortcode.icon-text-id-8335f55f520b70e5f614cc803b4fe914 .text-icon .dt-hover-icon {\n  line-height: 40px;\n}\n.icon-with-text-shortcode.icon-text-id-8335f55f520b70e5f614cc803b4fe914 .text-icon:before,\n.icon-with-text-shortcode.icon-text-id-8335f55f520b70e5f614cc803b4fe914 .text-icon:after,\n.icon-with-text-shortcode.icon-text-id-8335f55f520b70e5f614cc803b4fe914 .text-icon .icon-inner:before,\n.icon-with-text-shortcode.icon-text-id-8335f55f520b70e5f614cc803b4fe914 .text-icon .icon-inner:after {\n  min-width: 100%;\n  min-height: 100%;\n  padding: inherit;\n  border-radius: inherit;\n}\n#page .icon-with-text-shortcode.icon-text-id-8335f55f520b70e5f614cc803b4fe914 .text-icon.dt-icon-bg-on .icon-inner:before,\n#phantom .icon-with-text-shortcode.icon-text-id-8335f55f520b70e5f614cc803b4fe914 .text-icon.dt-icon-bg-on .icon-inner:before {\n  background: #ffe296;\n}\n.icon-with-text-shortcode.icon-text-id-8335f55f520b70e5f614cc803b4fe914 .text-icon.dt-icon-border-on:before {\n  border-width: 2px;\n  border-style: solid;\n}\n.dt-icon-border-dashed.icon-with-text-shortcode.icon-text-id-8335f55f520b70e5f614cc803b4fe914 .text-icon.dt-icon-border-on:before {\n  border-style: dashed;\n}\n.dt-icon-border-dotted.icon-with-text-shortcode.icon-text-id-8335f55f520b70e5f614cc803b4fe914 .text-icon.dt-icon-border-on:before {\n  border-style: dotted;\n}\n.dt-icon-border-double.icon-with-text-shortcode.icon-text-id-8335f55f520b70e5f614cc803b4fe914 .text-icon.dt-icon-border-on:before {\n  border-style: double;\n}\n.icon-with-text-shortcode.icon-text-id-8335f55f520b70e5f614cc803b4fe914 .text-icon.dt-icon-border-dashed.dt-icon-border-on:before {\n  border-style: dashed;\n}\n.icon-with-text-shortcode.icon-text-id-8335f55f520b70e5f614cc803b4fe914 .text-icon.dt-icon-border-dotted.dt-icon-border-on:before {\n  border-style: dotted;\n}\n.icon-with-text-shortcode.icon-text-id-8335f55f520b70e5f614cc803b4fe914 .text-icon.dt-icon-border-double.dt-icon-border-on:before {\n  border-style: double;\n}\n.icon-with-text-shortcode.icon-text-id-8335f55f520b70e5f614cc803b4fe914 .text-icon.dt-icon-hover-border-on:after {\n  border-width: 2px;\n  border-style: solid;\n}\n.icon-with-text-shortcode.icon-text-id-8335f55f520b70e5f614cc803b4fe914 .text-icon.dt-icon-border-dashed.dt-icon-hover-border-on:after {\n  border-style: dashed;\n}\n.icon-with-text-shortcode.icon-text-id-8335f55f520b70e5f614cc803b4fe914 .text-icon.dt-icon-border-dotted.dt-icon-hover-border-on:after {\n  border-style: dotted;\n}\n.icon-with-text-shortcode.icon-text-id-8335f55f520b70e5f614cc803b4fe914 .text-icon.dt-icon-border-double.dt-icon-hover-border-on:after {\n  border-style: double;\n}\n.icon-with-text-shortcode.icon-text-id-8335f55f520b70e5f614cc803b4fe914 .text-icon.dt-icon-hover-on:hover {\n  font-size: 20px;\n}\n#page .icon-with-text-shortcode.icon-text-id-8335f55f520b70e5f614cc803b4fe914 .text-icon.dt-icon-hover-on:hover .soc-font-icon,\n#phantom .icon-with-text-shortcode.icon-text-id-8335f55f520b70e5f614cc803b4fe914 .text-icon.dt-icon-hover-on:hover .soc-font-icon,\n#page .icon-with-text-shortcode.icon-text-id-8335f55f520b70e5f614cc803b4fe914 .text-icon.dt-icon-hover-on:hover .soc-icon,\n#phantom .icon-with-text-shortcode.icon-text-id-8335f55f520b70e5f614cc803b4fe914 .text-icon.dt-icon-hover-on:hover .soc-icon {\n  color: #fff;\n  background: none;\n}\n#page .icon-with-text-shortcode.icon-text-id-8335f55f520b70e5f614cc803b4fe914 .text-icon.dt-icon-hover-on:not(:hover) .soc-font-icon,\n#phantom .icon-with-text-shortcode.icon-text-id-8335f55f520b70e5f614cc803b4fe914 .text-icon.dt-icon-hover-on:not(:hover) .soc-font-icon,\n#page .icon-with-text-shortcode.icon-text-id-8335f55f520b70e5f614cc803b4fe914 .text-icon.dt-icon-hover-on:not(:hover) .soc-icon,\n#phantom .icon-with-text-shortcode.icon-text-id-8335f55f520b70e5f614cc803b4fe914 .text-icon.dt-icon-hover-on:not(:hover) .soc-icon,\n#page .icon-with-text-shortcode.icon-text-id-8335f55f520b70e5f614cc803b4fe914 .text-icon.dt-icon-hover-off .soc-font-icon,\n#phantom .icon-with-text-shortcode.icon-text-id-8335f55f520b70e5f614cc803b4fe914 .text-icon.dt-icon-hover-off .soc-font-icon,\n#page .icon-with-text-shortcode.icon-text-id-8335f55f520b70e5f614cc803b4fe914 .text-icon.dt-icon-hover-off .soc-icon,\n#phantom .icon-with-text-shortcode.icon-text-id-8335f55f520b70e5f614cc803b4fe914 .text-icon.dt-icon-hover-off .soc-icon {\n  color: #ffffff;\n  background: none;\n}\n.icon-with-text-shortcode.icon-text-id-8335f55f520b70e5f614cc803b4fe914.layout-1 {\n  grid-template-columns: 40px minmax(0,1fr);\n  grid-column-gap: 10px;\n}\n.icon-with-text-shortcode.icon-text-id-8335f55f520b70e5f614cc803b4fe914.layout-2 {\n  grid-template-columns: minmax(0,1fr) 40px;\n  grid-column-gap: 0px;\n}\n.icon-with-text-shortcode.icon-text-id-8335f55f520b70e5f614cc803b4fe914.layout-2 .text-icon {\n  margin-left: 0;\n}\n.icon-with-text-shortcode.icon-text-id-8335f55f520b70e5f614cc803b4fe914.layout-3 {\n  grid-template-columns: 40px minmax(0,1fr);\n}\n.icon-with-text-shortcode.icon-text-id-8335f55f520b70e5f614cc803b4fe914.layout-3 .dt-text-title {\n  margin-left: 10px;\n}\n.icon-with-text-shortcode.icon-text-id-8335f55f520b70e5f614cc803b4fe914 .dt-text-title,\n.icon-with-text-shortcode.icon-text-id-8335f55f520b70e5f614cc803b4fe914 .dt-text-title a {\n  color: #000000;\n  background: none;\n  font-weight: bold;\n}\n.icon-with-text-shortcode.icon-text-id-8335f55f520b70e5f614cc803b4fe914 .dt-text-title {\n  margin-bottom: 0px;\n}\n.icon-with-text-shortcode.icon-text-id-8335f55f520b70e5f614cc803b4fe914 .dt-text-desc {\n  color: #999999;\n  background: none;\n  margin-bottom: 0px;\n  font-size: 40px;\n  line-height: 50px;\n  font-style: italic;\n}\n<\/style><div class=\"icon-with-text-shortcode  icon-text-id-8335f55f520b70e5f614cc803b4fe914 layout-1  vc_custom_1583323858622 \" ><span   class=\"text-icon dt-icon-bg-on dt-icon-hover-off\" ><span class=\"icon-inner\"><i class=\"dt-regular-icon soc-icon fas fa-check\"><\/i><i class=\"dt-hover-icon soc-icon fas fa-check\"><\/i><\/span><\/span><h4 class=\"dt-text-title\"  >Pen\u00ednsula - MRW<\/h4><div class=\"dt-text-desc\">9\u20ac<\/div><\/div><style type=\"text\/css\" data-type=\"the7_shortcodes-inline-css\">.icon-with-text-shortcode.icon-text-id-ac3135a2b636de9a55b36689932b9b57 .text-icon {\n  width: 40px;\n  height: 40px;\n  line-height: 40px;\n  font-size: 20px;\n  border-radius: 200px;\n  margin: 0px 10px 0px 0px;\n}\n.icon-with-text-shortcode.icon-text-id-ac3135a2b636de9a55b36689932b9b57 .text-icon .icon-inner {\n  min-width: 40px;\n  min-height: 40px;\n  border-radius: 200px;\n}\n@media all and (-ms-high-contrast: none) {\n  .icon-with-text-shortcode.icon-text-id-ac3135a2b636de9a55b36689932b9b57 .text-icon .icon-inner {\n    height: 40px;\n  }\n}\n.icon-with-text-shortcode.icon-text-id-ac3135a2b636de9a55b36689932b9b57 .text-icon .dt-hover-icon {\n  line-height: 40px;\n}\n.icon-with-text-shortcode.icon-text-id-ac3135a2b636de9a55b36689932b9b57 .text-icon:before,\n.icon-with-text-shortcode.icon-text-id-ac3135a2b636de9a55b36689932b9b57 .text-icon:after,\n.icon-with-text-shortcode.icon-text-id-ac3135a2b636de9a55b36689932b9b57 .text-icon .icon-inner:before,\n.icon-with-text-shortcode.icon-text-id-ac3135a2b636de9a55b36689932b9b57 .text-icon .icon-inner:after {\n  min-width: 100%;\n  min-height: 100%;\n  padding: inherit;\n  border-radius: inherit;\n}\n#page .icon-with-text-shortcode.icon-text-id-ac3135a2b636de9a55b36689932b9b57 .text-icon.dt-icon-bg-on .icon-inner:before,\n#phantom .icon-with-text-shortcode.icon-text-id-ac3135a2b636de9a55b36689932b9b57 .text-icon.dt-icon-bg-on .icon-inner:before {\n  background: #ffe296;\n}\n.icon-with-text-shortcode.icon-text-id-ac3135a2b636de9a55b36689932b9b57 .text-icon.dt-icon-border-on:before {\n  border-width: 2px;\n  border-style: solid;\n}\n.dt-icon-border-dashed.icon-with-text-shortcode.icon-text-id-ac3135a2b636de9a55b36689932b9b57 .text-icon.dt-icon-border-on:before {\n  border-style: dashed;\n}\n.dt-icon-border-dotted.icon-with-text-shortcode.icon-text-id-ac3135a2b636de9a55b36689932b9b57 .text-icon.dt-icon-border-on:before {\n  border-style: dotted;\n}\n.dt-icon-border-double.icon-with-text-shortcode.icon-text-id-ac3135a2b636de9a55b36689932b9b57 .text-icon.dt-icon-border-on:before {\n  border-style: double;\n}\n.icon-with-text-shortcode.icon-text-id-ac3135a2b636de9a55b36689932b9b57 .text-icon.dt-icon-border-dashed.dt-icon-border-on:before {\n  border-style: dashed;\n}\n.icon-with-text-shortcode.icon-text-id-ac3135a2b636de9a55b36689932b9b57 .text-icon.dt-icon-border-dotted.dt-icon-border-on:before {\n  border-style: dotted;\n}\n.icon-with-text-shortcode.icon-text-id-ac3135a2b636de9a55b36689932b9b57 .text-icon.dt-icon-border-double.dt-icon-border-on:before {\n  border-style: double;\n}\n.icon-with-text-shortcode.icon-text-id-ac3135a2b636de9a55b36689932b9b57 .text-icon.dt-icon-hover-border-on:after {\n  border-width: 2px;\n  border-style: solid;\n}\n.icon-with-text-shortcode.icon-text-id-ac3135a2b636de9a55b36689932b9b57 .text-icon.dt-icon-border-dashed.dt-icon-hover-border-on:after {\n  border-style: dashed;\n}\n.icon-with-text-shortcode.icon-text-id-ac3135a2b636de9a55b36689932b9b57 .text-icon.dt-icon-border-dotted.dt-icon-hover-border-on:after {\n  border-style: dotted;\n}\n.icon-with-text-shortcode.icon-text-id-ac3135a2b636de9a55b36689932b9b57 .text-icon.dt-icon-border-double.dt-icon-hover-border-on:after {\n  border-style: double;\n}\n.icon-with-text-shortcode.icon-text-id-ac3135a2b636de9a55b36689932b9b57 .text-icon.dt-icon-hover-on:hover {\n  font-size: 20px;\n}\n#page .icon-with-text-shortcode.icon-text-id-ac3135a2b636de9a55b36689932b9b57 .text-icon.dt-icon-hover-on:hover .soc-font-icon,\n#phantom .icon-with-text-shortcode.icon-text-id-ac3135a2b636de9a55b36689932b9b57 .text-icon.dt-icon-hover-on:hover .soc-font-icon,\n#page .icon-with-text-shortcode.icon-text-id-ac3135a2b636de9a55b36689932b9b57 .text-icon.dt-icon-hover-on:hover .soc-icon,\n#phantom .icon-with-text-shortcode.icon-text-id-ac3135a2b636de9a55b36689932b9b57 .text-icon.dt-icon-hover-on:hover .soc-icon {\n  color: #fff;\n  background: none;\n}\n#page .icon-with-text-shortcode.icon-text-id-ac3135a2b636de9a55b36689932b9b57 .text-icon.dt-icon-hover-on:not(:hover) .soc-font-icon,\n#phantom .icon-with-text-shortcode.icon-text-id-ac3135a2b636de9a55b36689932b9b57 .text-icon.dt-icon-hover-on:not(:hover) .soc-font-icon,\n#page .icon-with-text-shortcode.icon-text-id-ac3135a2b636de9a55b36689932b9b57 .text-icon.dt-icon-hover-on:not(:hover) .soc-icon,\n#phantom .icon-with-text-shortcode.icon-text-id-ac3135a2b636de9a55b36689932b9b57 .text-icon.dt-icon-hover-on:not(:hover) .soc-icon,\n#page .icon-with-text-shortcode.icon-text-id-ac3135a2b636de9a55b36689932b9b57 .text-icon.dt-icon-hover-off .soc-font-icon,\n#phantom .icon-with-text-shortcode.icon-text-id-ac3135a2b636de9a55b36689932b9b57 .text-icon.dt-icon-hover-off .soc-font-icon,\n#page .icon-with-text-shortcode.icon-text-id-ac3135a2b636de9a55b36689932b9b57 .text-icon.dt-icon-hover-off .soc-icon,\n#phantom .icon-with-text-shortcode.icon-text-id-ac3135a2b636de9a55b36689932b9b57 .text-icon.dt-icon-hover-off .soc-icon {\n  color: #ffffff;\n  background: none;\n}\n.icon-with-text-shortcode.icon-text-id-ac3135a2b636de9a55b36689932b9b57.layout-1 {\n  grid-template-columns: 40px minmax(0,1fr);\n  grid-column-gap: 10px;\n}\n.icon-with-text-shortcode.icon-text-id-ac3135a2b636de9a55b36689932b9b57.layout-2 {\n  grid-template-columns: minmax(0,1fr) 40px;\n  grid-column-gap: 0px;\n}\n.icon-with-text-shortcode.icon-text-id-ac3135a2b636de9a55b36689932b9b57.layout-2 .text-icon {\n  margin-left: 0;\n}\n.icon-with-text-shortcode.icon-text-id-ac3135a2b636de9a55b36689932b9b57.layout-3 {\n  grid-template-columns: 40px minmax(0,1fr);\n}\n.icon-with-text-shortcode.icon-text-id-ac3135a2b636de9a55b36689932b9b57.layout-3 .dt-text-title {\n  margin-left: 10px;\n}\n.icon-with-text-shortcode.icon-text-id-ac3135a2b636de9a55b36689932b9b57 .dt-text-title,\n.icon-with-text-shortcode.icon-text-id-ac3135a2b636de9a55b36689932b9b57 .dt-text-title a {\n  color: #000000;\n  background: none;\n  font-weight: bold;\n}\n.icon-with-text-shortcode.icon-text-id-ac3135a2b636de9a55b36689932b9b57 .dt-text-title {\n  margin-bottom: 0px;\n}\n.icon-with-text-shortcode.icon-text-id-ac3135a2b636de9a55b36689932b9b57 .dt-text-desc {\n  color: #999999;\n  background: none;\n  margin-bottom: 0px;\n  font-size: 40px;\n  line-height: 50px;\n  font-style: italic;\n}\n<\/style><div class=\"icon-with-text-shortcode  icon-text-id-ac3135a2b636de9a55b36689932b9b57 layout-1  vc_custom_1583323255709 \" ><span   class=\"text-icon dt-icon-bg-on dt-icon-hover-off\" ><span class=\"icon-inner\"><i class=\"dt-regular-icon soc-icon fas fa-check\"><\/i><i class=\"dt-hover-icon soc-icon fas fa-check\"><\/i><\/span><\/span><h4 class=\"dt-text-title\"  >Baleares- GUILLEN MARITIM<\/h4><div class=\"dt-text-desc\">12\u20ac<\/div><\/div><style type=\"text\/css\" data-type=\"the7_shortcodes-inline-css\">.icon-with-text-shortcode.icon-text-id-f783c90c74c1d501850eb58c21f38dad .text-icon {\n  width: 40px;\n  height: 40px;\n  line-height: 40px;\n  font-size: 20px;\n  border-radius: 200px;\n  margin: 0px 10px 0px 0px;\n}\n.icon-with-text-shortcode.icon-text-id-f783c90c74c1d501850eb58c21f38dad .text-icon .icon-inner {\n  min-width: 40px;\n  min-height: 40px;\n  border-radius: 200px;\n}\n@media all and (-ms-high-contrast: none) {\n  .icon-with-text-shortcode.icon-text-id-f783c90c74c1d501850eb58c21f38dad .text-icon .icon-inner {\n    height: 40px;\n  }\n}\n.icon-with-text-shortcode.icon-text-id-f783c90c74c1d501850eb58c21f38dad .text-icon .dt-hover-icon {\n  line-height: 40px;\n}\n.icon-with-text-shortcode.icon-text-id-f783c90c74c1d501850eb58c21f38dad .text-icon:before,\n.icon-with-text-shortcode.icon-text-id-f783c90c74c1d501850eb58c21f38dad .text-icon:after,\n.icon-with-text-shortcode.icon-text-id-f783c90c74c1d501850eb58c21f38dad .text-icon .icon-inner:before,\n.icon-with-text-shortcode.icon-text-id-f783c90c74c1d501850eb58c21f38dad .text-icon .icon-inner:after {\n  min-width: 100%;\n  min-height: 100%;\n  padding: inherit;\n  border-radius: inherit;\n}\n#page .icon-with-text-shortcode.icon-text-id-f783c90c74c1d501850eb58c21f38dad .text-icon.dt-icon-bg-on .icon-inner:before,\n#phantom .icon-with-text-shortcode.icon-text-id-f783c90c74c1d501850eb58c21f38dad .text-icon.dt-icon-bg-on .icon-inner:before {\n  background: #ffe296;\n}\n.icon-with-text-shortcode.icon-text-id-f783c90c74c1d501850eb58c21f38dad .text-icon.dt-icon-border-on:before {\n  border-width: 2px;\n  border-style: solid;\n}\n.dt-icon-border-dashed.icon-with-text-shortcode.icon-text-id-f783c90c74c1d501850eb58c21f38dad .text-icon.dt-icon-border-on:before {\n  border-style: dashed;\n}\n.dt-icon-border-dotted.icon-with-text-shortcode.icon-text-id-f783c90c74c1d501850eb58c21f38dad .text-icon.dt-icon-border-on:before {\n  border-style: dotted;\n}\n.dt-icon-border-double.icon-with-text-shortcode.icon-text-id-f783c90c74c1d501850eb58c21f38dad .text-icon.dt-icon-border-on:before {\n  border-style: double;\n}\n.icon-with-text-shortcode.icon-text-id-f783c90c74c1d501850eb58c21f38dad .text-icon.dt-icon-border-dashed.dt-icon-border-on:before {\n  border-style: dashed;\n}\n.icon-with-text-shortcode.icon-text-id-f783c90c74c1d501850eb58c21f38dad .text-icon.dt-icon-border-dotted.dt-icon-border-on:before {\n  border-style: dotted;\n}\n.icon-with-text-shortcode.icon-text-id-f783c90c74c1d501850eb58c21f38dad .text-icon.dt-icon-border-double.dt-icon-border-on:before {\n  border-style: double;\n}\n.icon-with-text-shortcode.icon-text-id-f783c90c74c1d501850eb58c21f38dad .text-icon.dt-icon-hover-border-on:after {\n  border-width: 2px;\n  border-style: solid;\n}\n.icon-with-text-shortcode.icon-text-id-f783c90c74c1d501850eb58c21f38dad .text-icon.dt-icon-border-dashed.dt-icon-hover-border-on:after {\n  border-style: dashed;\n}\n.icon-with-text-shortcode.icon-text-id-f783c90c74c1d501850eb58c21f38dad .text-icon.dt-icon-border-dotted.dt-icon-hover-border-on:after {\n  border-style: dotted;\n}\n.icon-with-text-shortcode.icon-text-id-f783c90c74c1d501850eb58c21f38dad .text-icon.dt-icon-border-double.dt-icon-hover-border-on:after {\n  border-style: double;\n}\n.icon-with-text-shortcode.icon-text-id-f783c90c74c1d501850eb58c21f38dad .text-icon.dt-icon-hover-on:hover {\n  font-size: 20px;\n}\n#page .icon-with-text-shortcode.icon-text-id-f783c90c74c1d501850eb58c21f38dad .text-icon.dt-icon-hover-on:hover .soc-font-icon,\n#phantom .icon-with-text-shortcode.icon-text-id-f783c90c74c1d501850eb58c21f38dad .text-icon.dt-icon-hover-on:hover .soc-font-icon,\n#page .icon-with-text-shortcode.icon-text-id-f783c90c74c1d501850eb58c21f38dad .text-icon.dt-icon-hover-on:hover .soc-icon,\n#phantom .icon-with-text-shortcode.icon-text-id-f783c90c74c1d501850eb58c21f38dad .text-icon.dt-icon-hover-on:hover .soc-icon {\n  color: #fff;\n  background: none;\n}\n#page .icon-with-text-shortcode.icon-text-id-f783c90c74c1d501850eb58c21f38dad .text-icon.dt-icon-hover-on:not(:hover) .soc-font-icon,\n#phantom .icon-with-text-shortcode.icon-text-id-f783c90c74c1d501850eb58c21f38dad .text-icon.dt-icon-hover-on:not(:hover) .soc-font-icon,\n#page .icon-with-text-shortcode.icon-text-id-f783c90c74c1d501850eb58c21f38dad .text-icon.dt-icon-hover-on:not(:hover) .soc-icon,\n#phantom .icon-with-text-shortcode.icon-text-id-f783c90c74c1d501850eb58c21f38dad .text-icon.dt-icon-hover-on:not(:hover) .soc-icon,\n#page .icon-with-text-shortcode.icon-text-id-f783c90c74c1d501850eb58c21f38dad .text-icon.dt-icon-hover-off .soc-font-icon,\n#phantom .icon-with-text-shortcode.icon-text-id-f783c90c74c1d501850eb58c21f38dad .text-icon.dt-icon-hover-off .soc-font-icon,\n#page .icon-with-text-shortcode.icon-text-id-f783c90c74c1d501850eb58c21f38dad .text-icon.dt-icon-hover-off .soc-icon,\n#phantom .icon-with-text-shortcode.icon-text-id-f783c90c74c1d501850eb58c21f38dad .text-icon.dt-icon-hover-off .soc-icon {\n  color: #ffffff;\n  background: none;\n}\n.icon-with-text-shortcode.icon-text-id-f783c90c74c1d501850eb58c21f38dad.layout-1 {\n  grid-template-columns: 40px minmax(0,1fr);\n  grid-column-gap: 10px;\n}\n.icon-with-text-shortcode.icon-text-id-f783c90c74c1d501850eb58c21f38dad.layout-2 {\n  grid-template-columns: minmax(0,1fr) 40px;\n  grid-column-gap: 0px;\n}\n.icon-with-text-shortcode.icon-text-id-f783c90c74c1d501850eb58c21f38dad.layout-2 .text-icon {\n  margin-left: 0;\n}\n.icon-with-text-shortcode.icon-text-id-f783c90c74c1d501850eb58c21f38dad.layout-3 {\n  grid-template-columns: 40px minmax(0,1fr);\n}\n.icon-with-text-shortcode.icon-text-id-f783c90c74c1d501850eb58c21f38dad.layout-3 .dt-text-title {\n  margin-left: 10px;\n}\n.icon-with-text-shortcode.icon-text-id-f783c90c74c1d501850eb58c21f38dad .dt-text-title,\n.icon-with-text-shortcode.icon-text-id-f783c90c74c1d501850eb58c21f38dad .dt-text-title a {\n  color: #000000;\n  background: none;\n  font-weight: bold;\n}\n.icon-with-text-shortcode.icon-text-id-f783c90c74c1d501850eb58c21f38dad .dt-text-title {\n  margin-bottom: 0px;\n}\n.icon-with-text-shortcode.icon-text-id-f783c90c74c1d501850eb58c21f38dad .dt-text-desc {\n  color: #999999;\n  background: none;\n  margin-bottom: 0px;\n  font-size: 40px;\n  line-height: 50px;\n  font-style: italic;\n}\n<\/style><div class=\"icon-with-text-shortcode  icon-text-id-f783c90c74c1d501850eb58c21f38dad layout-1  vc_custom_1583323688627 \" ><span   class=\"text-icon dt-icon-bg-on dt-icon-hover-off\" ><span class=\"icon-inner\"><i class=\"dt-regular-icon soc-icon fas fa-check\"><\/i><i class=\"dt-hover-icon soc-icon fas fa-check\"><\/i><\/span><\/span><h4 class=\"dt-text-title\"  >Canarias - CORREOS EXPR\u00c9S<\/h4><div class=\"dt-text-desc\">??<\/div><\/div>[\/vc_column][\/vc_row][vc_row][vc_column][vc_column_text css=&#8221;.vc_custom_1704902548953{border-bottom-width: 2px !important;padding-top: 20px !important;padding-right: 20px !important;padding-bottom: 20px !important;padding-left: 20px !important;background-color: rgba(255,226,150,0.1) !important;*background-color: rgb(255,226,150) !important;border-bottom-color: #ffe296 !important;border-bottom-style: solid !important;}&#8221;]<\/p>\n<p style=\"text-align: center;\"><strong>Consulte custos de envio internacional.<\/strong><\/p>\n<p>[\/vc_column_text][\/vc_column][\/vc_row]<\/p>\n<\/div>","protected":false},"excerpt":{"rendered":"<p>[vc_row content_placement=&#8221;middle&#8221;][vc_column width=&#8221;1\/2&#8243;][vc_single_image image=&#8221;16078&#8243; img_size=&#8221;full&#8221; alignment=&#8221;center&#8221; onclick=&#8221;img_link_large&#8221; css=&#8221;.vc_custom_1698687159525{margin-bottom: 0px !important;}&#8221;][\/vc_column][vc_column width=&#8221;1\/2&#8243;][vc_column_text css=&#8221;.vc_custom_1704902503449{margin-bottom: 10px !important;}&#8221;] LOG\u00cdSTICA Assim que a encomenda estiver pronta, se assim o desejar, facilitaremos o processo de envio para que a sua encomenda chegue ao destino com efici\u00eancia e pontualidade. Gostar\u00edamos de lembrar que nossa pol\u00edtica estabelece que a mercadoria ser\u00e1 enviada uma&hellip;<\/p>\n","protected":false},"author":7,"featured_media":0,"parent":0,"menu_order":5,"comment_status":"closed","ping_status":"closed","template":"","meta":{"footnotes":""},"class_list":["post-1123","page","type-page","status-publish","hentry","description-off"],"_links":{"self":[{"href":"https:\/\/curtidospinos.com\/Pt\/wp-json\/wp\/v2\/pages\/1123","targetHints":{"allow":["GET"]}}],"collection":[{"href":"https:\/\/curtidospinos.com\/Pt\/wp-json\/wp\/v2\/pages"}],"about":[{"href":"https:\/\/curtidospinos.com\/Pt\/wp-json\/wp\/v2\/types\/page"}],"author":[{"embeddable":true,"href":"https:\/\/curtidospinos.com\/Pt\/wp-json\/wp\/v2\/users\/7"}],"replies":[{"embeddable":true,"href":"https:\/\/curtidospinos.com\/Pt\/wp-json\/wp\/v2\/comments?post=1123"}],"version-history":[{"count":13,"href":"https:\/\/curtidospinos.com\/Pt\/wp-json\/wp\/v2\/pages\/1123\/revisions"}],"predecessor-version":[{"id":16133,"href":"https:\/\/curtidospinos.com\/Pt\/wp-json\/wp\/v2\/pages\/1123\/revisions\/16133"}],"wp:attachment":[{"href":"https:\/\/curtidospinos.com\/Pt\/wp-json\/wp\/v2\/media?parent=1123"}],"curies":[{"name":"wp","href":"https:\/\/api.w.org\/{rel}","templated":true}]}}